{"id":2686,"date":"2021-01-27T12:37:25","date_gmt":"2021-01-27T11:37:25","guid":{"rendered":"https:\/\/spic-albert.com\/fr\/?page_id=2686"},"modified":"2021-01-28T16:52:53","modified_gmt":"2021-01-28T15:52:53","slug":"politique-de-confidentialite","status":"publish","type":"page","link":"https:\/\/spic-albert.com\/fr\/politique-de-confidentialite\/","title":{"rendered":"Politique de confidentialit\u00e9"},"content":{"rendered":"<div id='av_section_1'  class='avia-section main_color avia-section-default avia-no-border-styling  avia-bg-style-scroll  avia-builder-el-0  el_before_av_section  avia-builder-el-first   av-minimum-height av-minimum-height-50  container_wrap sidebar_right' style='background-color: #f1f1f1; background-repeat: no-repeat; background-image: url(https:\/\/spic-albert.com\/fr\/wp-content\/uploads\/sites\/4\/2021\/01\/spic-et-albert-background-fr-3.jpg);background-attachment: scroll; background-position: top center;  '  data-section-bg-repeat='no-repeat' data-av_minimum_height_pc='50'><div class='container' ><main  role=\"main\" itemprop=\"mainContentOfPage\"  class='template-page content  av-content-small alpha units'><div class='post-entry post-entry-type-page post-entry-2686'><div class='entry-content-wrapper clearfix'>\n<\/div><\/div><\/main><!-- close content main element --><\/div><div class='av-extra-border-element border-extra-diagonal border-extra-diagonal-inverse '><div class='av-extra-border-outer'><div class='av-extra-border-inner'  style='background-color:#f1f1f1;' ><\/div><\/div><\/div><\/div><div id='av_section_2'  class='avia-section main_color avia-section-default avia-no-border-styling  avia-bg-style-scroll  avia-builder-el-1  el_after_av_section  avia-builder-el-last   container_wrap sidebar_right' style='background-color: #f1f1f1;  '  ><div class='container' ><div class='template-page content  av-content-small alpha units'><div class='post-entry post-entry-type-page post-entry-2686'><div class='entry-content-wrapper clearfix'>\n<section class=\"av_textblock_section \"  itemscope=\"itemscope\" itemtype=\"https:\/\/schema.org\/CreativeWork\" ><div class='avia_textblock  '   itemprop=\"text\" ><h2>POLITIQUE DE CONFIdentialit\u00e9<\/h2>\n<p><strong>Introduction<\/strong><\/p>\n<p>Cette politique de confidentialit\u00e9 vise \u00e0 vous informer des conditions dans lesquelles nous collectons des donn\u00e9es personnelles, des raisons pour lesquelles ces donn\u00e9es sont collect\u00e9es, l\u2019utilisation qui en est faite et de vos droits. Elle s\u2019applique \u00e0 toutes les informations fournies par vous-m\u00eame ou recueillies par\u00a0le site lors de votre navigation.<\/p>\n<p>Elle vient en compl\u00e9ment des\u00a0<a href=\"https:\/\/spic-albert.com\/fr\/mentions-legales\/\" target=\"_blank\" rel=\"noopener\">mentions l\u00e9gales et conditions g\u00e9n\u00e9rales d\u2019utilisation du site.<\/a><\/p>\n<p>Lors de votre navigation sur le site, des donn\u00e9es personnelles sont\u00a0collect\u00e9es selon deux cat\u00e9gories :<\/p>\n<ul>\n<li>des donn\u00e9es nominatives, telles que votre \u00e9tat civil et adresse email.<\/li>\n<li>des donn\u00e9es d\u2019identification \u00e9lectronique disponibles sur ou \u00e0 partir de votre ordinateur (telles que les \u00ab\u00a0cookies\u00a0\u00bb ou les \u00ab\u00a0adresses IP\u00a0\u00bb). Vos donn\u00e9es d\u2019identification \u00e9lectronique permettent d\u2019identifier ou de g\u00e9olocaliser (sans \u00eatre plus pr\u00e9cis que la ville) votre terminal de connexion ou les pages consult\u00e9es sur le site au cours de votre navigation et sont g\u00e9n\u00e9ralement insuffisantes \u00e0 elles seules pour vous identifier de mani\u00e8re nominative.<\/li>\n<\/ul>\n<h2>Qui sommes-nous\u00a0?<\/h2>\n<p>L\u2019adresse de notre site Web est\u00a0: https:\/\/spic-albert.com<\/p>\n<p>S.P.I.C et Albert, 55, boulevard de S\u00e9bastopol, 75001 Paris.<br \/>\nS.A.S. au capital de 54 250 \u20ac<br \/>\nR.C. Paris B 562 025 007 \u2013 Siret 562 025 007 00047<br \/>\nT\u00e9l. 01.42.33.62.67<\/p>\n<p>Le site Internet spic-albert.com utilise un certificat de s\u00e9curit\u00e9 et est h\u00e9berg\u00e9 sur des serveurs en France. Les bases de donn\u00e9es sont prot\u00e9g\u00e9es chez notre h\u00e9bergeur OVH,\u00a02 rue Kellermann, 59100 Roubaix, France.<\/p>\n<h2>Utilisation des donn\u00e9es personnelles collect\u00e9es<\/h2>\n<h3>Formulaires de contact<\/h3>\n<p>Nous collectons les informations suivantes lorsque vous remplissez le formulaire de contact :<\/p>\n<ul>\n<li>votre nom<\/li>\n<li>votre pr\u00e9nom<\/li>\n<li>votre adresse email<\/li>\n<li>votre num\u00e9ro de t\u00e9l\u00e9phone (facultatif)<\/li>\n<li>l&rsquo;objet de votre demande et votre message<\/li>\n<\/ul>\n<p>Ces informations nous permettent de r\u00e9pondre au mieux \u00e0 votre demande et sont uniquement utilis\u00e9es dans ce but. Elles seront conserv\u00e9es durant notre relation commerciale.<\/p>\n<h3>Cookies<\/h3>\n<p>Les cookies sont des petits fichiers textes qui peuvent \u00eatre utilis\u00e9s par les sites Web pour rendre l\u2019exp\u00e9rience utilisateur plus efficace.<\/p>\n<p>Ce site n&rsquo;utilise pas de cookies.<\/p>\n<h3>Statistiques et mesures d\u2019audience<\/h3>\n<p class=\"privacy-policy-tutorial\">Nous collectons des statistiques de visite du site chez notre prestataire Google. Les informations collect\u00e9es ne nous permettent pas d\u2019identifier les personnes, il s\u2019agit notamment d\u2019informations g\u00e9ographiques, de comportement de visite des pages, de mat\u00e9riel utilis\u00e9 permettant la visite du site.<\/p>\n<p>Ces donn\u00e9es nous permettent d\u2019am\u00e9liorer votre exp\u00e9rience en tant qu\u2019utilisateur du site.<\/p>\n<h2>Transmission de vos donn\u00e9es personnelles<\/h2>\n<p>En aucun cas vos donn\u00e9es personnelles sont transmises, c\u00e9d\u00e9es, vendues, partag\u00e9es \u00e0 des tiers. Spic &amp; Albert a toujours \u00e9t\u00e9 soucieux de la confidentialit\u00e9 des dossiers trait\u00e9s.<\/p>\n<h2>Informations de contact<\/h2>\n<p>Pour toutes questions concernant la confidentialit\u00e9 des donn\u00e9es, <a href=\"https:\/\/spic-albert.com\/fr\/contacter-spic-et-albert\/\" target=\"_blank\" rel=\"noopener\">contacter Spic et Albert.<\/a><\/p>\n<h2><strong>L\u00e9gislation<\/strong><\/h2>\n<p>Spic et Albert s&rsquo;engage \u00e0 respecter les dispositions l\u00e9gislatives \u00e9nonc\u00e9es dans le\u00a0RGPD (r\u00e9glement g\u00e9n\u00e9ral de la protection des donn\u00e9es)\u00a0<a href=\"https:\/\/www.cnil.fr\/fr\/reglement-europeen-protection-donnees\" target=\"_blank\" rel=\"noopener\">\u00e0 consulter sur le site de la CNIL<\/a><\/p>\n<pre>Politique de confidentialit\u00e9\r\nDate d'effet : 01\/08\/2018 - Version 1<\/pre>\n<\/div><\/section>\n<\/div><\/div><\/div><!-- close content main div --><\/div><\/div><div id='after_section_2'  class='main_color av_default_container_wrap container_wrap sidebar_right' style=' '  ><div class='container' ><div class='template-page content  av-content-small alpha units'><div class='post-entry post-entry-type-page post-entry-2686'><div class='entry-content-wrapper clearfix'>\n","protected":false},"excerpt":{"rendered":"","protected":false},"author":1,"featured_media":0,"parent":0,"menu_order":0,"comment_status":"closed","ping_status":"closed","template":"","meta":{"footnotes":""},"yoast_head":"<!-- This site is optimized with the Yoast SEO plugin v21.1 - https:\/\/yoast.com\/wordpress\/plugins\/seo\/ -->\n<title>Politique de confidentialit\u00e9 - Spic et Albert<\/title>\n<meta name=\"robots\" content=\"index, follow, max-snippet:-1, max-image-preview:large, max-video-preview:-1\" \/>\n<link rel=\"canonical\" href=\"https:\/\/spic-albert.com\/fr\/politique-de-confidentialite\/\" \/>\n<meta property=\"og:locale\" content=\"fr_FR\" \/>\n<meta property=\"og:type\" content=\"article\" \/>\n<meta property=\"og:title\" content=\"Politique de confidentialit\u00e9 - Spic et Albert\" \/>\n<meta property=\"og:url\" content=\"https:\/\/spic-albert.com\/fr\/politique-de-confidentialite\/\" \/>\n<meta property=\"og:site_name\" content=\"Spic et Albert\" \/>\n<meta property=\"article:modified_time\" content=\"2021-01-28T15:52:53+00:00\" \/>\n<meta name=\"twitter:card\" content=\"summary_large_image\" \/>\n<script type=\"application\/ld+json\" class=\"yoast-schema-graph\">{\"@context\":\"https:\/\/schema.org\",\"@graph\":[{\"@type\":\"WebPage\",\"@id\":\"https:\/\/spic-albert.com\/fr\/politique-de-confidentialite\/\",\"url\":\"https:\/\/spic-albert.com\/fr\/politique-de-confidentialite\/\",\"name\":\"Politique de confidentialit\u00e9 - Spic et Albert\",\"isPartOf\":{\"@id\":\"https:\/\/spic-albert.com\/fr\/#website\"},\"datePublished\":\"2021-01-27T11:37:25+00:00\",\"dateModified\":\"2021-01-28T15:52:53+00:00\",\"breadcrumb\":{\"@id\":\"https:\/\/spic-albert.com\/fr\/politique-de-confidentialite\/#breadcrumb\"},\"inLanguage\":\"fr-FR\",\"potentialAction\":[{\"@type\":\"ReadAction\",\"target\":[\"https:\/\/spic-albert.com\/fr\/politique-de-confidentialite\/\"]}]},{\"@type\":\"BreadcrumbList\",\"@id\":\"https:\/\/spic-albert.com\/fr\/politique-de-confidentialite\/#breadcrumb\",\"itemListElement\":[{\"@type\":\"ListItem\",\"position\":1,\"name\":\"Accueil\",\"item\":\"https:\/\/spic-albert.com\/fr\/\"},{\"@type\":\"ListItem\",\"position\":2,\"name\":\"Politique de confidentialit\u00e9\"}]},{\"@type\":\"WebSite\",\"@id\":\"https:\/\/spic-albert.com\/fr\/#website\",\"url\":\"https:\/\/spic-albert.com\/fr\/\",\"name\":\"Spic et Albert\",\"description\":\"Soci\u00e9t\u00e9 parisienne immobili\u00e8re et commerciale sp\u00e9cialis\u00e9e dans les transactions immobili\u00e8res de maisons de retraite (EHPAD), centres de convalescence et cliniques m\u00e9dicales\",\"potentialAction\":[{\"@type\":\"SearchAction\",\"target\":{\"@type\":\"EntryPoint\",\"urlTemplate\":\"https:\/\/spic-albert.com\/fr\/?s={search_term_string}\"},\"query-input\":\"required name=search_term_string\"}],\"inLanguage\":\"fr-FR\"}]}<\/script>\n<!-- \/ Yoast SEO plugin. -->","yoast_head_json":{"title":"Politique de confidentialit\u00e9 - Spic et Albert","robots":{"index":"index","follow":"follow","max-snippet":"max-snippet:-1","max-image-preview":"max-image-preview:large","max-video-preview":"max-video-preview:-1"},"canonical":"https:\/\/spic-albert.com\/fr\/politique-de-confidentialite\/","og_locale":"fr_FR","og_type":"article","og_title":"Politique de confidentialit\u00e9 - Spic et Albert","og_url":"https:\/\/spic-albert.com\/fr\/politique-de-confidentialite\/","og_site_name":"Spic et Albert","article_modified_time":"2021-01-28T15:52:53+00:00","twitter_card":"summary_large_image","schema":{"@context":"https:\/\/schema.org","@graph":[{"@type":"WebPage","@id":"https:\/\/spic-albert.com\/fr\/politique-de-confidentialite\/","url":"https:\/\/spic-albert.com\/fr\/politique-de-confidentialite\/","name":"Politique de confidentialit\u00e9 - Spic et Albert","isPartOf":{"@id":"https:\/\/spic-albert.com\/fr\/#website"},"datePublished":"2021-01-27T11:37:25+00:00","dateModified":"2021-01-28T15:52:53+00:00","breadcrumb":{"@id":"https:\/\/spic-albert.com\/fr\/politique-de-confidentialite\/#breadcrumb"},"inLanguage":"fr-FR","potentialAction":[{"@type":"ReadAction","target":["https:\/\/spic-albert.com\/fr\/politique-de-confidentialite\/"]}]},{"@type":"BreadcrumbList","@id":"https:\/\/spic-albert.com\/fr\/politique-de-confidentialite\/#breadcrumb","itemListElement":[{"@type":"ListItem","position":1,"name":"Accueil","item":"https:\/\/spic-albert.com\/fr\/"},{"@type":"ListItem","position":2,"name":"Politique de confidentialit\u00e9"}]},{"@type":"WebSite","@id":"https:\/\/spic-albert.com\/fr\/#website","url":"https:\/\/spic-albert.com\/fr\/","name":"Spic et Albert","description":"Soci\u00e9t\u00e9 parisienne immobili\u00e8re et commerciale sp\u00e9cialis\u00e9e dans les transactions immobili\u00e8res de maisons de retraite (EHPAD), centres de convalescence et cliniques m\u00e9dicales","potentialAction":[{"@type":"SearchAction","target":{"@type":"EntryPoint","urlTemplate":"https:\/\/spic-albert.com\/fr\/?s={search_term_string}"},"query-input":"required name=search_term_string"}],"inLanguage":"fr-FR"}]}},"_links":{"self":[{"href":"https:\/\/spic-albert.com\/fr\/wp-json\/wp\/v2\/pages\/2686"}],"collection":[{"href":"https:\/\/spic-albert.com\/fr\/wp-json\/wp\/v2\/pages"}],"about":[{"href":"https:\/\/spic-albert.com\/fr\/wp-json\/wp\/v2\/types\/page"}],"author":[{"embeddable":true,"href":"https:\/\/spic-albert.com\/fr\/wp-json\/wp\/v2\/users\/1"}],"replies":[{"embeddable":true,"href":"https:\/\/spic-albert.com\/fr\/wp-json\/wp\/v2\/comments?post=2686"}],"version-history":[{"count":6,"href":"https:\/\/spic-albert.com\/fr\/wp-json\/wp\/v2\/pages\/2686\/revisions"}],"predecessor-version":[{"id":2713,"href":"https:\/\/spic-albert.com\/fr\/wp-json\/wp\/v2\/pages\/2686\/revisions\/2713"}],"wp:attachment":[{"href":"https:\/\/spic-albert.com\/fr\/wp-json\/wp\/v2\/media?parent=2686"}],"curies":[{"name":"wp","href":"https:\/\/api.w.org\/{rel}","templated":true}]}}