{"id":22,"date":"2014-06-11T13:13:03","date_gmt":"2014-06-11T12:13:03","guid":{"rendered":"http:\/\/www.spic-albert.com\/?page_id=22"},"modified":"2023-09-06T16:10:53","modified_gmt":"2023-09-06T14:10:53","slug":"contacter-spic-et-albert","status":"publish","type":"page","link":"https:\/\/spic-albert.com\/fr\/contacter-spic-et-albert\/","title":{"rendered":"Contact et acc\u00e8s"},"content":{"rendered":"<div id='av_section_1'  class='avia-section main_color avia-section-default avia-no-border-styling  avia-bg-style-scroll  avia-builder-el-0  el_before_av_section  avia-builder-el-first   av-minimum-height av-minimum-height-50  container_wrap sidebar_right' style='background-color: #f1f1f1; background-repeat: no-repeat; background-image: url(https:\/\/spic-albert.com\/fr\/wp-content\/uploads\/sites\/4\/2021\/01\/spic-et-albert-background-fr-4.jpg);background-attachment: scroll; background-position: top center;  '  data-section-bg-repeat='no-repeat' data-av_minimum_height_pc='50'><div class='container' ><main  role=\"main\" itemprop=\"mainContentOfPage\"  class='template-page content  av-content-small alpha units'><div class='post-entry post-entry-type-page post-entry-22'><div class='entry-content-wrapper clearfix'>\n<\/div><\/div><\/main><!-- close content main element --><\/div><div class='av-extra-border-element border-extra-diagonal border-extra-diagonal-inverse '><div class='av-extra-border-outer'><div class='av-extra-border-inner'  style='background-color:#f1f1f1;' ><\/div><\/div><\/div><\/div><div id='av_section_2'  class='avia-section main_color avia-section-default avia-no-border-styling  avia-bg-style-scroll  avia-builder-el-1  el_after_av_section  el_before_av_section   container_wrap sidebar_right' style='background-color: #f1f1f1;  '  ><div class='container' ><div class='template-page content  av-content-small alpha units'><div class='post-entry post-entry-type-page post-entry-22'><div class='entry-content-wrapper clearfix'>\n<div class=\"flex_column av_one_fourth  flex_column_div av-zero-column-padding first  avia-builder-el-2  el_before_av_one_fourth  avia-builder-el-first  \" style='border-radius:0px; '><p><section class=\"av_textblock_section \"  itemscope=\"itemscope\" itemtype=\"https:\/\/schema.org\/CreativeWork\" ><div class='avia_textblock  '   itemprop=\"text\" ><p><img decoding=\"async\" loading=\"lazy\" class=\"alignleft size-full wp-image-2476\" src=\"https:\/\/spic-albert.com\/fr\/wp-content\/uploads\/sites\/4\/2021\/01\/flag-FR.png\" alt=\"\" width=\"60\" height=\"60\" srcset=\"https:\/\/spic-albert.com\/fr\/wp-content\/uploads\/sites\/4\/2021\/01\/flag-FR.png 74w, https:\/\/spic-albert.com\/fr\/wp-content\/uploads\/sites\/4\/2021\/01\/flag-FR-36x36.png 36w\" sizes=\"(max-width: 60px) 100vw, 60px\" \/><\/p>\n<\/div><\/section><br \/>\n<section class=\"av_textblock_section \"  itemscope=\"itemscope\" itemtype=\"https:\/\/schema.org\/CreativeWork\" ><div class='avia_textblock  '   itemprop=\"text\" ><h3>Spic et Albert France<\/h3>\n<p>SPIC ET ALBERT<br \/>\n25 rue de Caumartin<br \/>\n75009 Paris<\/p>\n<p>T\u00e9l. : +33 (0)1 42 33 62 67<\/p>\n<\/div><\/section><\/p><\/div><div class=\"flex_column av_one_fourth  flex_column_div av-zero-column-padding   avia-builder-el-5  el_after_av_one_fourth  el_before_av_one_fourth  \" style='border-radius:0px; '><div  class='avia-image-container  av-styling-no-styling    avia-builder-el-6  avia-builder-el-no-sibling  avia-align-center '  itemprop=\"image\" itemscope=\"itemscope\" itemtype=\"https:\/\/schema.org\/ImageObject\"  ><div class='avia-image-container-inner'><div class='avia-image-overlay-wrap'><img decoding=\"async\" class='wp-image-168 avia-img-lazy-loading-not-168 avia_image' src=\"https:\/\/spic-albert.com\/fr\/wp-content\/uploads\/sites\/4\/2014\/06\/Jean-Etienne-de-Becdelievre.jpg\" alt='photo Jean Etienne de Becdeli\u00e8vre' title='Jean-Etienne-de-Becdelievre' height=\"241\" width=\"200\"  itemprop=\"thumbnailUrl\" srcset=\"https:\/\/spic-albert.com\/fr\/wp-content\/uploads\/sites\/4\/2014\/06\/Jean-Etienne-de-Becdelievre.jpg 200w, https:\/\/spic-albert.com\/fr\/wp-content\/uploads\/sites\/4\/2014\/06\/Jean-Etienne-de-Becdelievre-49x60.jpg 49w, https:\/\/spic-albert.com\/fr\/wp-content\/uploads\/sites\/4\/2014\/06\/Jean-Etienne-de-Becdelievre-99x120.jpg 99w\" sizes=\"(max-width: 200px) 100vw, 200px\" \/><\/div><\/div><\/div><\/div><div class=\"flex_column av_one_fourth  flex_column_div av-zero-column-padding   avia-builder-el-7  el_after_av_one_fourth  el_before_av_one_fourth  \" style='border-radius:0px; '><p><section class=\"av_textblock_section \"  itemscope=\"itemscope\" itemtype=\"https:\/\/schema.org\/CreativeWork\" ><div class='avia_textblock  '   itemprop=\"text\" ><p><img decoding=\"async\" loading=\"lazy\" class=\"alignleft size-full wp-image-2477\" src=\"https:\/\/spic-albert.com\/fr\/wp-content\/uploads\/sites\/4\/2021\/01\/flag-DE.png\" alt=\"\" width=\"60\" height=\"60\" srcset=\"https:\/\/spic-albert.com\/fr\/wp-content\/uploads\/sites\/4\/2021\/01\/flag-DE.png 74w, https:\/\/spic-albert.com\/fr\/wp-content\/uploads\/sites\/4\/2021\/01\/flag-DE-36x36.png 36w\" sizes=\"(max-width: 60px) 100vw, 60px\" \/><img decoding=\"async\" loading=\"lazy\" class=\"alignleft size-full wp-image-2476\" src=\"https:\/\/spic-albert.com\/fr\/wp-content\/uploads\/sites\/4\/2021\/01\/flag-FR.png\" alt=\"\" width=\"60\" height=\"60\" srcset=\"https:\/\/spic-albert.com\/fr\/wp-content\/uploads\/sites\/4\/2021\/01\/flag-FR.png 74w, https:\/\/spic-albert.com\/fr\/wp-content\/uploads\/sites\/4\/2021\/01\/flag-FR-36x36.png 36w\" sizes=\"(max-width: 60px) 100vw, 60px\" \/><img decoding=\"async\" loading=\"lazy\" class=\"alignleft size-full wp-image-2478\" src=\"https:\/\/spic-albert.com\/fr\/wp-content\/uploads\/sites\/4\/2021\/01\/flag-EN.png\" alt=\"\" width=\"60\" height=\"60\" srcset=\"https:\/\/spic-albert.com\/fr\/wp-content\/uploads\/sites\/4\/2021\/01\/flag-EN.png 74w, https:\/\/spic-albert.com\/fr\/wp-content\/uploads\/sites\/4\/2021\/01\/flag-EN-36x36.png 36w\" sizes=\"(max-width: 60px) 100vw, 60px\" \/><\/p>\n<\/div><\/section><br \/>\n<section class=\"av_textblock_section \"  itemscope=\"itemscope\" itemtype=\"https:\/\/schema.org\/CreativeWork\" ><div class='avia_textblock  '   itemprop=\"text\" ><h3>Spic &amp; Albert Allemagne<\/h3>\n<p>SPIC &amp; ALBERT<br \/>\nWorringer Str. 30<br \/>\n50668 K\u00f6ln<\/p>\n<p>T\u00e9l. : +49 (0) 221 677 88 72 19<\/p>\n<\/div><\/section><\/p><\/div><div class=\"flex_column av_one_fourth  flex_column_div av-zero-column-padding   avia-builder-el-10  el_after_av_one_fourth  avia-builder-el-last  \" style='border-radius:0px; '><div  class='avia-image-container  av-styling-no-styling    avia-builder-el-11  avia-builder-el-no-sibling  avia-align-center '  itemprop=\"image\" itemscope=\"itemscope\" itemtype=\"https:\/\/schema.org\/ImageObject\"  ><div class='avia-image-container-inner'><div class='avia-image-overlay-wrap'><img decoding=\"async\" class='wp-image-2475 avia-img-lazy-loading-not-2475 avia_image' src=\"https:\/\/spic-albert.com\/fr\/wp-content\/uploads\/sites\/4\/2021\/01\/photo-Marc_Duclos-web.jpg\" alt='Photo Marc Duclos' title='Marc Duclos' height=\"241\" width=\"200\"  itemprop=\"thumbnailUrl\"  \/><\/div><\/div><\/div><\/div>\n\n<\/div><\/div><\/div><!-- close content main div --><\/div><\/div><div id='av_section_3'  class='avia-section main_color avia-section-default avia-no-border-styling  avia-bg-style-scroll  avia-builder-el-12  el_after_av_section  el_before_av_section   container_wrap sidebar_right' style='background-color: #f9b618;  '  ><div class='container' ><div class='template-page content  av-content-small alpha units'><div class='post-entry post-entry-type-page post-entry-22'><div class='entry-content-wrapper clearfix'>\n<div class=\"flex_column av_one_full  flex_column_div av-zero-column-padding first  avia-builder-el-13  avia-builder-el-no-sibling  \" style='border-radius:0px; '><section class=\"av_textblock_section \"  itemscope=\"itemscope\" itemtype=\"https:\/\/schema.org\/CreativeWork\" ><div class='avia_textblock  '   itemprop=\"text\" ><div class=\"wpforms-container wpforms-container-full wpforms-render-modern\" id=\"wpforms-2781\"><form id=\"wpforms-form-2781\" class=\"wpforms-validate wpforms-form wpforms-ajax-form\" data-formid=\"2781\" method=\"post\" enctype=\"multipart\/form-data\" action=\"\/fr\/wp-json\/wp\/v2\/pages\/22\" data-token=\"f403fc50facbf8a934b8d4f807b371ad\"><noscript class=\"wpforms-error-noscript\">Veuillez activer JavaScript dans votre navigateur pour remplir ce formulaire.<\/noscript><div class=\"wpforms-hidden\" id=\"wpforms-error-noscript\">Veuillez activer JavaScript dans votre navigateur pour remplir ce formulaire.<\/div><div class=\"wpforms-field-container\"><div id=\"wpforms-2781-field_0-container\" class=\"wpforms-field wpforms-field-name\" data-field-id=\"0\"><fieldset><legend class=\"wpforms-field-label\">Nom <span class=\"wpforms-required-label\" aria-hidden=\"true\">*<\/span><\/legend><div class=\"wpforms-field-row wpforms-field-medium\"><div class=\"wpforms-field-row-block wpforms-first wpforms-one-half\"><input type=\"text\" id=\"wpforms-2781-field_0\" class=\"wpforms-field-name-first wpforms-field-required\" name=\"wpforms[fields][0][first]\" aria-errormessage=\"wpforms-2781-field_0-error\" required><label for=\"wpforms-2781-field_0\" class=\"wpforms-field-sublabel after \">Pr\u00e9nom<\/label><\/div><div class=\"wpforms-field-row-block wpforms-one-half\"><input type=\"text\" id=\"wpforms-2781-field_0-last\" class=\"wpforms-field-name-last wpforms-field-required\" name=\"wpforms[fields][0][last]\" aria-errormessage=\"wpforms-2781-field_0-last-error\" required><label for=\"wpforms-2781-field_0-last\" class=\"wpforms-field-sublabel after \">Nom<\/label><\/div><\/div><\/fieldset><\/div><div id=\"wpforms-2781-field_1-container\" class=\"wpforms-field wpforms-field-email\" data-field-id=\"1\"><label class=\"wpforms-field-label\" for=\"wpforms-2781-field_1\">E-mail <span class=\"wpforms-required-label\" aria-hidden=\"true\">*<\/span><\/label><input type=\"email\" id=\"wpforms-2781-field_1\" class=\"wpforms-field-medium wpforms-field-required\" name=\"wpforms[fields][1]\" spellcheck=\"false\" aria-errormessage=\"wpforms-2781-field_1-error\" required><\/div><div id=\"wpforms-2781-field_2-container\" class=\"wpforms-field wpforms-field-textarea\" data-field-id=\"2\"><label class=\"wpforms-field-label\" for=\"wpforms-2781-field_2\">Commentaire ou message<\/label><textarea id=\"wpforms-2781-field_2\" class=\"wpforms-field-medium\" name=\"wpforms[fields][2]\" aria-errormessage=\"wpforms-2781-field_2-error\" ><\/textarea><\/div><\/div><!-- .wpforms-field-container --><input type=\"hidden\" name=\"wpforms[recaptcha]\" value=\"\"><div class=\"wpforms-submit-container\" ><input type=\"hidden\" name=\"wpforms[id]\" value=\"2781\"><input type=\"hidden\" name=\"wpforms[author]\" value=\"1\"><button type=\"submit\" name=\"wpforms[submit]\" id=\"wpforms-submit-2781\" class=\"wpforms-submit\" data-alt-text=\"Envoi...\" data-submit-text=\"Envoyer\" aria-live=\"assertive\" value=\"wpforms-submit\">Envoyer<\/button><img src=\"https:\/\/spic-albert.com\/fr\/wp-content\/plugins\/wpforms-lite\/assets\/images\/submit-spin.svg\" class=\"wpforms-submit-spinner\" style=\"display: none;\" width=\"26\" height=\"26\" alt=\"Chargement en cours\"><\/div><\/form><\/div>  <!-- .wpforms-container -->\n<\/div><\/section><\/div><\/div><\/div><\/div><!-- close content main div --><\/div><\/div><div id='av_section_4'  class='avia-section main_color avia-section-default avia-no-border-styling  avia-bg-style-scroll  avia-builder-el-15  el_after_av_section  el_before_av_section   container_wrap sidebar_right' style='background-color: #f1f1f1; background-repeat: no-repeat; background-image: url(https:\/\/spic-albert.com\/fr\/wp-content\/uploads\/sites\/4\/2021\/01\/background-plan-1.jpg);background-attachment: scroll; background-position: top center;  '  data-section-bg-repeat='no-repeat'><div class='container' ><div class='template-page content  av-content-small alpha units'><div class='post-entry post-entry-type-page post-entry-22'><div class='entry-content-wrapper clearfix'>\n<div class=\"flex_column av_one_half  flex_column_div av-zero-column-padding first  avia-builder-el-16  el_before_av_one_half  avia-builder-el-first  \" style='border-radius:0px; '><section class=\"av_textblock_section \"  itemscope=\"itemscope\" itemtype=\"https:\/\/schema.org\/CreativeWork\" ><div class='avia_textblock  '   itemprop=\"text\" ><h3>Comment venir chez Spic et Albert \u00e0 Paris<\/h3>\n<\/div><\/section><br \/>\n<\/p><\/div><div class=\"flex_column av_one_half  flex_column_div av-zero-column-padding   avia-builder-el-19  el_after_av_one_half  avia-builder-el-last  \" style='border-radius:0px; '><section class=\"av_textblock_section \"  itemscope=\"itemscope\" itemtype=\"https:\/\/schema.org\/CreativeWork\" ><div class='avia_textblock  '   itemprop=\"text\" ><h3>Comment venir chez\u00a0Spic &amp; Albert \u00e0 Cologne (Allemagne)<\/h3>\n<\/div><\/section><br \/>\n<\/p><\/div>\n<\/p>\n<\/div><\/div><\/div><!-- close content main div --><\/div><div class='av-extra-border-element border-extra-diagonal  '><div class='av-extra-border-outer'><div class='av-extra-border-inner'  style='background-color:#f1f1f1;' ><\/div><\/div><\/div><\/div><div id='av_section_5'  class='avia-section main_color avia-section-default avia-no-border-styling  avia-bg-style-scroll  avia-builder-el-22  el_after_av_section  avia-builder-el-last   container_wrap sidebar_right' style='background-color: #f1f1f1;  '  ><div class='container' ><div class='template-page content  av-content-small alpha units'><div class='post-entry post-entry-type-page post-entry-22'><div class='entry-content-wrapper clearfix'>\n<div class=\"flex_column av_one_half  flex_column_div av-zero-column-padding first  avia-builder-el-23  el_before_av_one_half  avia-builder-el-first  \" style='border-radius:0px; '><section class=\"av_textblock_section \"  itemscope=\"itemscope\" itemtype=\"https:\/\/schema.org\/CreativeWork\" ><div class='avia_textblock  '   itemprop=\"text\" ><p><img decoding=\"async\" loading=\"lazy\" class=\"alignleft size-full wp-image-41\" src=\"https:\/\/spic-albert.com\/fr\/wp-content\/uploads\/sites\/4\/2014\/06\/FNAIM-logo.png\" alt=\"\" width=\"75\" height=\"74\" srcset=\"https:\/\/spic-albert.com\/fr\/wp-content\/uploads\/sites\/4\/2014\/06\/FNAIM-logo.png 75w, https:\/\/spic-albert.com\/fr\/wp-content\/uploads\/sites\/4\/2014\/06\/FNAIM-logo-48x48.png 48w, https:\/\/spic-albert.com\/fr\/wp-content\/uploads\/sites\/4\/2014\/06\/FNAIM-logo-60x60.png 60w\" sizes=\"(max-width: 75px) 100vw, 75px\" \/>Membre de la Chambre des m\u00e9tiers de l\u2019immobilier (C.M.I.). Adh\u00e9rent \u00e0 la Caisse de Garantie de la FNAIM sous le n\u00b0 10580.<\/p>\n<\/div><\/section><\/div><div class=\"flex_column av_one_half  flex_column_div av-zero-column-padding   avia-builder-el-25  el_after_av_one_half  avia-builder-el-last  \" style='border-radius:0px; '><section class=\"av_textblock_section \"  itemscope=\"itemscope\" itemtype=\"https:\/\/schema.org\/CreativeWork\" ><div class='avia_textblock  '   itemprop=\"text\" ><p><img decoding=\"async\" loading=\"lazy\" class=\"alignleft size-full wp-image-39\" src=\"https:\/\/spic-albert.com\/fr\/wp-content\/uploads\/sites\/4\/2014\/06\/CEIF-logo.png\" alt=\"\" width=\"75\" height=\"68\" srcset=\"https:\/\/spic-albert.com\/fr\/wp-content\/uploads\/sites\/4\/2014\/06\/CEIF-logo.png 75w, https:\/\/spic-albert.com\/fr\/wp-content\/uploads\/sites\/4\/2014\/06\/CEIF-logo-66x60.png 66w\" sizes=\"(max-width: 75px) 100vw, 75px\" \/>Membre de la chambre des experts (CEIF &#8211; FNAIM)<\/p>\n<\/div><\/section><\/div>\n<\/div><\/div><\/div><!-- close content main div --><\/div><div class='av-extra-border-element border-extra-diagonal  '><div class='av-extra-border-outer'><div class='av-extra-border-inner'  style='background-color:#f1f1f1;' ><\/div><\/div><\/div><\/div><div id='after_section_5'  class='main_color av_default_container_wrap container_wrap sidebar_right' style=' '  ><div class='container' ><div class='template-page content  av-content-small alpha units'><div class='post-entry post-entry-type-page post-entry-22'><div class='entry-content-wrapper clearfix'>\n","protected":false},"excerpt":{"rendered":"","protected":false},"author":1,"featured_media":0,"parent":0,"menu_order":0,"comment_status":"open","ping_status":"open","template":"","meta":{"footnotes":""},"yoast_head":"<!-- This site is optimized with the Yoast SEO plugin v21.1 - https:\/\/yoast.com\/wordpress\/plugins\/seo\/ -->\n<title>Contacter Spic et Albert - Spic et Albert transactions EHPAD<\/title>\n<meta name=\"description\" content=\"Contactez Spic et Albert pour vos projets d&#039;achat\/vente de maisons de retraite (EHPAD), centres de convalescence, cliniques, etc.\" \/>\n<meta name=\"robots\" content=\"index, follow, max-snippet:-1, max-image-preview:large, max-video-preview:-1\" \/>\n<link rel=\"canonical\" href=\"https:\/\/spic-albert.com\/fr\/contacter-spic-et-albert\/\" \/>\n<meta property=\"og:locale\" content=\"fr_FR\" \/>\n<meta property=\"og:type\" content=\"article\" \/>\n<meta property=\"og:title\" content=\"Contacter Spic et Albert - Spic et Albert transactions EHPAD\" \/>\n<meta property=\"og:description\" content=\"Contactez Spic et Albert pour vos projets d&#039;achat\/vente de maisons de retraite (EHPAD), centres de convalescence, cliniques, etc.\" \/>\n<meta property=\"og:url\" content=\"https:\/\/spic-albert.com\/fr\/contacter-spic-et-albert\/\" \/>\n<meta property=\"og:site_name\" content=\"Spic et Albert\" \/>\n<meta property=\"article:modified_time\" content=\"2023-09-06T14:10:53+00:00\" \/>\n<meta property=\"og:image\" content=\"https:\/\/spic-albert.com\/fr\/wp-content\/uploads\/sites\/4\/2021\/01\/flag-FR.png\" \/>\n<meta name=\"twitter:card\" content=\"summary_large_image\" \/>\n<meta name=\"twitter:label1\" content=\"Dur\u00e9e de lecture estim\u00e9e\" \/>\n\t<meta name=\"twitter:data1\" content=\"6 minutes\" \/>\n<script type=\"application\/ld+json\" class=\"yoast-schema-graph\">{\"@context\":\"https:\/\/schema.org\",\"@graph\":[{\"@type\":\"WebPage\",\"@id\":\"https:\/\/spic-albert.com\/fr\/contacter-spic-et-albert\/\",\"url\":\"https:\/\/spic-albert.com\/fr\/contacter-spic-et-albert\/\",\"name\":\"Contacter Spic et Albert - Spic et Albert transactions EHPAD\",\"isPartOf\":{\"@id\":\"https:\/\/spic-albert.com\/fr\/#website\"},\"datePublished\":\"2014-06-11T12:13:03+00:00\",\"dateModified\":\"2023-09-06T14:10:53+00:00\",\"description\":\"Contactez Spic et Albert pour vos projets d'achat\/vente de maisons de retraite (EHPAD), centres de convalescence, cliniques, etc.\",\"breadcrumb\":{\"@id\":\"https:\/\/spic-albert.com\/fr\/contacter-spic-et-albert\/#breadcrumb\"},\"inLanguage\":\"fr-FR\",\"potentialAction\":[{\"@type\":\"ReadAction\",\"target\":[\"https:\/\/spic-albert.com\/fr\/contacter-spic-et-albert\/\"]}]},{\"@type\":\"BreadcrumbList\",\"@id\":\"https:\/\/spic-albert.com\/fr\/contacter-spic-et-albert\/#breadcrumb\",\"itemListElement\":[{\"@type\":\"ListItem\",\"position\":1,\"name\":\"Accueil\",\"item\":\"https:\/\/spic-albert.com\/fr\/\"},{\"@type\":\"ListItem\",\"position\":2,\"name\":\"Contact et acc\u00e8s\"}]},{\"@type\":\"WebSite\",\"@id\":\"https:\/\/spic-albert.com\/fr\/#website\",\"url\":\"https:\/\/spic-albert.com\/fr\/\",\"name\":\"Spic et Albert\",\"description\":\"Soci\u00e9t\u00e9 parisienne immobili\u00e8re et commerciale sp\u00e9cialis\u00e9e dans les transactions immobili\u00e8res de maisons de retraite (EHPAD), centres de convalescence et cliniques m\u00e9dicales\",\"potentialAction\":[{\"@type\":\"SearchAction\",\"target\":{\"@type\":\"EntryPoint\",\"urlTemplate\":\"https:\/\/spic-albert.com\/fr\/?s={search_term_string}\"},\"query-input\":\"required name=search_term_string\"}],\"inLanguage\":\"fr-FR\"}]}<\/script>\n<!-- \/ Yoast SEO plugin. -->","yoast_head_json":{"title":"Contacter Spic et Albert - Spic et Albert transactions EHPAD","description":"Contactez Spic et Albert pour vos projets d'achat\/vente de maisons de retraite (EHPAD), centres de convalescence, cliniques, etc.","robots":{"index":"index","follow":"follow","max-snippet":"max-snippet:-1","max-image-preview":"max-image-preview:large","max-video-preview":"max-video-preview:-1"},"canonical":"https:\/\/spic-albert.com\/fr\/contacter-spic-et-albert\/","og_locale":"fr_FR","og_type":"article","og_title":"Contacter Spic et Albert - Spic et Albert transactions EHPAD","og_description":"Contactez Spic et Albert pour vos projets d'achat\/vente de maisons de retraite (EHPAD), centres de convalescence, cliniques, etc.","og_url":"https:\/\/spic-albert.com\/fr\/contacter-spic-et-albert\/","og_site_name":"Spic et Albert","article_modified_time":"2023-09-06T14:10:53+00:00","og_image":[{"url":"https:\/\/spic-albert.com\/fr\/wp-content\/uploads\/sites\/4\/2021\/01\/flag-FR.png"}],"twitter_card":"summary_large_image","twitter_misc":{"Dur\u00e9e de lecture estim\u00e9e":"6 minutes"},"schema":{"@context":"https:\/\/schema.org","@graph":[{"@type":"WebPage","@id":"https:\/\/spic-albert.com\/fr\/contacter-spic-et-albert\/","url":"https:\/\/spic-albert.com\/fr\/contacter-spic-et-albert\/","name":"Contacter Spic et Albert - Spic et Albert transactions EHPAD","isPartOf":{"@id":"https:\/\/spic-albert.com\/fr\/#website"},"datePublished":"2014-06-11T12:13:03+00:00","dateModified":"2023-09-06T14:10:53+00:00","description":"Contactez Spic et Albert pour vos projets d'achat\/vente de maisons de retraite (EHPAD), centres de convalescence, cliniques, etc.","breadcrumb":{"@id":"https:\/\/spic-albert.com\/fr\/contacter-spic-et-albert\/#breadcrumb"},"inLanguage":"fr-FR","potentialAction":[{"@type":"ReadAction","target":["https:\/\/spic-albert.com\/fr\/contacter-spic-et-albert\/"]}]},{"@type":"BreadcrumbList","@id":"https:\/\/spic-albert.com\/fr\/contacter-spic-et-albert\/#breadcrumb","itemListElement":[{"@type":"ListItem","position":1,"name":"Accueil","item":"https:\/\/spic-albert.com\/fr\/"},{"@type":"ListItem","position":2,"name":"Contact et acc\u00e8s"}]},{"@type":"WebSite","@id":"https:\/\/spic-albert.com\/fr\/#website","url":"https:\/\/spic-albert.com\/fr\/","name":"Spic et Albert","description":"Soci\u00e9t\u00e9 parisienne immobili\u00e8re et commerciale sp\u00e9cialis\u00e9e dans les transactions immobili\u00e8res de maisons de retraite (EHPAD), centres de convalescence et cliniques m\u00e9dicales","potentialAction":[{"@type":"SearchAction","target":{"@type":"EntryPoint","urlTemplate":"https:\/\/spic-albert.com\/fr\/?s={search_term_string}"},"query-input":"required name=search_term_string"}],"inLanguage":"fr-FR"}]}},"_links":{"self":[{"href":"https:\/\/spic-albert.com\/fr\/wp-json\/wp\/v2\/pages\/22"}],"collection":[{"href":"https:\/\/spic-albert.com\/fr\/wp-json\/wp\/v2\/pages"}],"about":[{"href":"https:\/\/spic-albert.com\/fr\/wp-json\/wp\/v2\/types\/page"}],"author":[{"embeddable":true,"href":"https:\/\/spic-albert.com\/fr\/wp-json\/wp\/v2\/users\/1"}],"replies":[{"embeddable":true,"href":"https:\/\/spic-albert.com\/fr\/wp-json\/wp\/v2\/comments?post=22"}],"version-history":[{"count":66,"href":"https:\/\/spic-albert.com\/fr\/wp-json\/wp\/v2\/pages\/22\/revisions"}],"predecessor-version":[{"id":2785,"href":"https:\/\/spic-albert.com\/fr\/wp-json\/wp\/v2\/pages\/22\/revisions\/2785"}],"wp:attachment":[{"href":"https:\/\/spic-albert.com\/fr\/wp-json\/wp\/v2\/media?parent=22"}],"curies":[{"name":"wp","href":"https:\/\/api.w.org\/{rel}","templated":true}]}}