{"id":2,"date":"2014-06-10T10:08:49","date_gmt":"2014-06-10T10:08:49","guid":{"rendered":"http:\/\/www.spic-albert.com\/?page_id=2"},"modified":"2023-09-07T10:58:49","modified_gmt":"2023-09-07T08:58:49","slug":"accueil","status":"publish","type":"page","link":"https:\/\/spic-albert.com\/fr\/","title":{"rendered":"Accueil"},"content":{"rendered":"<div id='av_section_1'  class='avia-section main_color avia-section-default avia-no-border-styling  avia-bg-style-scroll  avia-builder-el-0  el_before_av_section  avia-builder-el-first   av-minimum-height av-minimum-height-75  container_wrap sidebar_right' style='background-color: #f1f1f1; background-repeat: no-repeat; background-image: url(https:\/\/spic-albert.com\/fr\/wp-content\/uploads\/sites\/4\/2021\/01\/spic-et-albert-background-fr-3.jpg);background-attachment: scroll; background-position: top center;  '  data-section-bg-repeat='no-repeat' data-av_minimum_height_pc='75'><div class='container' ><main  role=\"main\" itemprop=\"mainContentOfPage\"  class='template-page content  av-content-small alpha units'><div class='post-entry post-entry-type-page post-entry-2'><div class='entry-content-wrapper clearfix'>\n<div class=\"flex_column av_one_half  flex_column_div av-zero-column-padding first  avia-builder-el-1  avia-builder-el-no-sibling  \" style='border-radius:0px; '><section class=\"av_textblock_section \"  itemscope=\"itemscope\" itemtype=\"https:\/\/schema.org\/CreativeWork\" ><div class='avia_textblock  '   itemprop=\"text\" ><h2 style=\"background-color: #f9b618ba; padding: 20px; margin-bottom: 0px; line-height: 1.3em;\"><strong>Votre interm\u00e9diaire sp\u00e9cialis\u00e9 des transactions de maisons de retraite (EHPAD), centres de convalescence (SSR) et cliniques m\u00e9dicales<\/strong><\/h2>\n<\/div><\/section><\/div>\n\n<\/div><\/div><\/main><!-- close content main element --><\/div><div class='av-extra-border-element border-extra-diagonal border-extra-diagonal-inverse '><div class='av-extra-border-outer'><div class='av-extra-border-inner'  style='background-color:#f1f1f1;' ><\/div><\/div><\/div><\/div><div id='bloc-europe'  class='avia-section main_color avia-section-default avia-no-border-styling  avia-bg-style-scroll  avia-builder-el-3  el_after_av_section  el_before_av_layout_row   container_wrap sidebar_right' style='background-color: #f1f1f1; background-repeat: no-repeat; background-image: url(https:\/\/spic-albert.com\/fr\/wp-content\/uploads\/sites\/4\/2021\/01\/carte-europe.png);background-attachment: scroll; background-position: top right;  '  data-section-bg-repeat='no-repeat'><div class='container' ><div class='template-page content  av-content-small alpha units'><div class='post-entry post-entry-type-page post-entry-2'><div class='entry-content-wrapper clearfix'>\n<div class=\"flex_column av_one_half  flex_column_div av-zero-column-padding first  avia-builder-el-4  el_before_av_one_half  avia-builder-el-first  \" style='border-radius:0px; ' id=\"bloc-present\" ><section class=\"av_textblock_section \"  itemscope=\"itemscope\" itemtype=\"https:\/\/schema.org\/CreativeWork\" ><div class='avia_textblock  '   itemprop=\"text\" ><h2>Pr\u00e9sent en France et en Allemagne<\/h2>\n<blockquote>\n<p>Mandataire-expert CEIF, le cabinet SPIC et Albert est, depuis 1946, votre interm\u00e9diaire sp\u00e9cialis\u00e9 dans les transactions de maisons de retraite (EHPAD), centres de convalescence (SSR) et cliniques m\u00e9dicales, en France et, depuis 2014, en Allemagne.<\/p>\n<\/blockquote>\n<\/div><\/section><\/div><div class=\"flex_column av_one_half  flex_column_div av-zero-column-padding   avia-builder-el-6  el_after_av_one_half  el_before_av_one_fourth  \" style='border-radius:0px; '><\/div><div class=\"flex_column av_one_fourth  flex_column_div av-zero-column-padding first  avia-builder-el-7  el_after_av_one_half  el_before_av_one_fourth  column-top-margin\" style='border-radius:0px; ' id=\"bloc-France\" ><section class=\"av_textblock_section \"  itemscope=\"itemscope\" itemtype=\"https:\/\/schema.org\/CreativeWork\" ><div class='avia_textblock  '   itemprop=\"text\" ><h3>En France<\/h3>\n<p>SPIC ET ALBERT, 25 rue de Caumartin, 75009 Paris<\/p>\n<p>T\u00e9l. : +33 (0)1 42 33 62 67<\/p>\n<\/div><\/section><\/div><div class=\"flex_column av_one_fourth  flex_column_div av-zero-column-padding   avia-builder-el-9  el_after_av_one_fourth  avia-builder-el-last  column-top-margin\" style='border-radius:0px; ' id=\"bloc-allemagne\" ><section class=\"av_textblock_section \"  itemscope=\"itemscope\" itemtype=\"https:\/\/schema.org\/CreativeWork\" ><div class='avia_textblock  '   itemprop=\"text\" ><h3>En Allemagne<\/h3>\n<p>SPIC &amp; ALBERT, Worringer Str. 30 50668 K\u00f6ln<\/p>\n<p>T\u00e9l. : +49 (0) 221 677 88 72 19<\/p>\n<\/div><\/section><\/div><\/div><\/div><\/div><!-- close content main div --><\/div><\/div><div id='av-layout-grid-1'  class='av-layout-grid-container entry-content-wrapper main_color av-flex-cells     avia-builder-el-11  el_after_av_section  el_before_av_section  submenu-not-first container_wrap sidebar_right' style=' '  >\n<div class=\"flex_cell no_margin av_one_half  avia-builder-el-12  el_before_av_cell_one_half  avia-builder-el-first   \"  style='background: #f9a70e; vertical-align:top; padding:30px 30px 30px 100px ; background-color:#f9a70e; ' ><div class='flex_cell_inner' ><section class=\"av_textblock_section \"  itemscope=\"itemscope\" itemtype=\"https:\/\/schema.org\/CreativeWork\" ><div class='avia_textblock  '   itemprop=\"text\" ><h2>Cessions de lits, fonds de commerce&#8230;<\/h2>\n<p>Nous nous occupons d&rsquo;expertises ainsi que de cessions et transferts de lits, de fonds de commerce et d&rsquo;immobilier depuis leur estimation jusqu&rsquo;\u00e0 la signature de l&rsquo;acte de vente.<\/p>\n<\/div><\/section><br \/>\n<div  class='avia-button-wrap avia-button-left  avia-builder-el-14  el_after_av_textblock  avia-builder-el-last ' ><a href='https:\/\/spic-albert.com\/fr\/expertise-et-conseil-immobiliers\/'  class='avia-button  avia-font-color-black  avia-icon_select-no avia-size-medium avia-position-left '  style='background-color:#f9d748; border-color:#f9d748; ' ><span class='avia_iconbox_title' >En savoir plus sur notre savoir faire<\/span><span class='avia_button_background avia-button avia-color-custom' style='background-color:#f28900;'><\/span><\/a><\/div><\/p>\n<\/div><\/div><div class=\"flex_cell no_margin av_one_half  avia-builder-el-15  el_after_av_cell_one_half  avia-builder-el-last   \"  style='background: #f9c128; vertical-align:top; padding:30px 100px 30px 30px ; background-color:#f9c128; ' ><div class='flex_cell_inner' ><section class=\"av_textblock_section \"  itemscope=\"itemscope\" itemtype=\"https:\/\/schema.org\/CreativeWork\" ><div class='avia_textblock  '   itemprop=\"text\" ><h2>Tous types de structures m\u00e9dico-sociales<\/h2>\n<p>De 20 \u00e0 plus de 100 lits, en milieu urbain ou rural, dans le neuf ou l&rsquo;ancien, murs et fonds, fonds ou murs seuls, nous nous occupons des transferts de lits, \u00e9valuations et transactions de maisons de retraite (EHPAD), centres de convalescence (SSR) et cliniques m\u00e9dicales.<\/p>\n<\/div><\/section><br \/>\n<div  class='avia-button-wrap avia-button-left  avia-builder-el-17  el_after_av_textblock  avia-builder-el-last ' ><a href='https:\/\/spic-albert.com\/fr\/contacter-spic-et-albert\/'  class='avia-button  avia-font-color-black  avia-icon_select-no avia-size-medium avia-position-left '  style='background-color:#f9d748; border-color:#f9d748; ' ><span class='avia_iconbox_title' >Un projet ? Contactez-nous<\/span><span class='avia_button_background avia-button avia-color-custom' style='background-color:#f28900;'><\/span><\/a><\/div><\/p>\n<\/div><\/div>\n<\/div><\/p>\n<div id='av_section_3'  class='avia-section main_color avia-section-default avia-no-border-styling  avia-bg-style-scroll  avia-builder-el-18  el_after_av_layout_row  el_before_av_section   container_wrap sidebar_right' style='background-repeat: no-repeat; background-image: url(https:\/\/spic-albert.com\/fr\/wp-content\/uploads\/sites\/4\/2021\/01\/background-plan-1.jpg);background-attachment: scroll; background-position: top center;  '  data-section-bg-repeat='no-repeat'><div class='container' ><div class='template-page content  av-content-small alpha units'><div class='post-entry post-entry-type-page post-entry-2'><div class='entry-content-wrapper clearfix'>\n<section class=\"av_textblock_section \"  itemscope=\"itemscope\" itemtype=\"https:\/\/schema.org\/CreativeWork\" ><div class='avia_textblock  '   itemprop=\"text\" ><h2 class=\"texte-confidentialite\" style=\"text-align: center;\">Exemples d&rsquo;op\u00e9rations r\u00e9alis\u00e9es<\/h2>\n<\/div><\/section>\n<div  class='avia-builder-widget-area clearfix  avia-builder-el-20  el_after_av_textblock  el_before_av_button '><div id=\"srpw_widget-2\" class=\"widget clearfix widget_smart_recent_entries smart_recent_posts\"><div class=\"srpw-block srpw-classic-style \"><style>.srpw-thumbnail{\r\nwidth: 200px;\r\nheight: 150px;\r\n}<\/style><ul class=\"srpw-ul\"><li class=\"srpw-li srpw-clearfix\"><a class=\"srpw-img srpw-aligncenter\" href=\"https:\/\/spic-albert.com\/fr\/ehpad\/hostellerie-du-chateau\/\" target=\"_self\"><img width=\"230\" height=\"130\" src=\"https:\/\/spic-albert.com\/fr\/wp-content\/uploads\/sites\/4\/2019\/04\/EHPAD-MASSAY-e1555323903358.jpg\" class=\"wp-image-2360 avia-img-lazy-loading-2360  srpw-thumbnail wp-post-image\" alt=\"Hostellerie du Ch\u00e2teau\" decoding=\"async\" \/><\/a><div class=\"srpw-content\"><a class=\"srpw-title\" href=\"https:\/\/spic-albert.com\/fr\/ehpad\/hostellerie-du-chateau\/\" target=\"_self\">Hostellerie du Ch\u00e2teau<\/a><div class=\"srpw-meta\"><\/div><\/div><\/li><li class=\"srpw-li srpw-clearfix\"><a class=\"srpw-img srpw-aligncenter\" href=\"https:\/\/spic-albert.com\/fr\/ehpad\/saint-sauveur\/\" target=\"_self\"><img width=\"230\" height=\"150\" src=\"https:\/\/spic-albert.com\/fr\/wp-content\/uploads\/sites\/4\/2014\/06\/St-Sauveur.jpg\" class=\"wp-image-240 avia-img-lazy-loading-240  srpw-thumbnail wp-post-image\" alt=\"Saint-Sauveur\" decoding=\"async\" srcset=\"https:\/\/spic-albert.com\/fr\/wp-content\/uploads\/sites\/4\/2014\/06\/St-Sauveur.jpg 230w, https:\/\/spic-albert.com\/fr\/wp-content\/uploads\/sites\/4\/2014\/06\/St-Sauveur-92x60.jpg 92w, https:\/\/spic-albert.com\/fr\/wp-content\/uploads\/sites\/4\/2014\/06\/St-Sauveur-184x120.jpg 184w\" sizes=\"(max-width: 230px) 100vw, 230px\" \/><\/a><div class=\"srpw-content\"><a class=\"srpw-title\" href=\"https:\/\/spic-albert.com\/fr\/ehpad\/saint-sauveur\/\" target=\"_self\">Saint-Sauveur<\/a><div class=\"srpw-meta\"><\/div><\/div><\/li><li class=\"srpw-li srpw-clearfix\"><a class=\"srpw-img srpw-aligncenter\" href=\"https:\/\/spic-albert.com\/fr\/ehpad\/residence-les-lys\/\" target=\"_self\"><img width=\"230\" height=\"150\" src=\"https:\/\/spic-albert.com\/fr\/wp-content\/uploads\/sites\/4\/2014\/06\/Lys.jpg\" class=\"wp-image-232 avia-img-lazy-loading-232  srpw-thumbnail wp-post-image\" alt=\"R\u00e9sidence Les Lys\" decoding=\"async\" srcset=\"https:\/\/spic-albert.com\/fr\/wp-content\/uploads\/sites\/4\/2014\/06\/Lys.jpg 230w, https:\/\/spic-albert.com\/fr\/wp-content\/uploads\/sites\/4\/2014\/06\/Lys-92x60.jpg 92w, https:\/\/spic-albert.com\/fr\/wp-content\/uploads\/sites\/4\/2014\/06\/Lys-184x120.jpg 184w\" sizes=\"(max-width: 230px) 100vw, 230px\" \/><\/a><div class=\"srpw-content\"><a class=\"srpw-title\" href=\"https:\/\/spic-albert.com\/fr\/ehpad\/residence-les-lys\/\" target=\"_self\">R\u00e9sidence Les Lys<\/a><div class=\"srpw-meta\"><\/div><\/div><\/li><\/ul><\/div><!-- Generated by http:\/\/wordpress.org\/plugins\/smart-recent-posts-widget\/ --><\/div><\/div>\n<div  class='avia-button-wrap avia-button-center ' ><a href='https:\/\/spic-albert.com\/fr\/exemples-de-transactions-de-maison-de-retraite\/'  class='avia-button  avia-font-color-black  avia-icon_select-no avia-size-medium avia-position-center '  style='background-color:#f9b618; border-color:#f9b618; ' ><span class='avia_iconbox_title' >Autres r\u00e9alisations<\/span><span class='avia_button_background avia-button avia-color-custom' style='background-color:#f28900;'><\/span><\/a><\/div>\n\n<\/div><\/div><\/div><!-- close content main div --><\/div><\/div><div id='bloc-confidentialite'  class='avia-section main_color avia-section-default avia-no-border-styling  avia-bg-style-scroll   av-minimum-height av-minimum-height-custom  container_wrap sidebar_right' style='background-color: #ffffff;  margin-top:0px; margin-bottom:0px; '  ><div class='container' style='height:30px'><div class='template-page content  av-content-small alpha units'><div class='post-entry post-entry-type-page post-entry-2'><div class='entry-content-wrapper clearfix'>\n<div class=\"flex_column av_one_half  av-animated-generic left-to-right  flex_column_div av-zero-column-padding first  \" style='border-radius:0px; '><section class=\"av_textblock_section \"  id=\"titre-confidentialite\"  itemscope=\"itemscope\" itemtype=\"https:\/\/schema.org\/BlogPosting\" itemprop=\"blogPost\" ><div class='avia_textblock  '   itemprop=\"text\" ><h2 id=\"texte-confidentialite\" style=\"margin-top: 40px; text-align: right;\">Confidentialit\u00e9, s\u00e9rieux, efficacit\u00e9<\/h2>\n<\/div><\/section><\/div><div class=\"flex_column av_one_half  av-animated-generic right-to-left  flex_column_div av-zero-column-padding   \" style='border-radius:0px; '><section class=\"av_textblock_section \"  itemscope=\"itemscope\" itemtype=\"https:\/\/schema.org\/BlogPosting\" itemprop=\"blogPost\" ><div class='avia_textblock  '   itemprop=\"text\" ><blockquote>\n<p>Nos comp\u00e9tences en mati\u00e8re d&rsquo;expertises et de cessions de fonds de commerce et d&rsquo;immobilier d&rsquo;entreprise, depuis le premier contact jusqu&rsquo;\u00e0 l&rsquo;ach\u00e8vement de la mission contractuelle, vous garantissent une prestation de nature confidentielle, s\u00e9rieuse et efficace.<\/p>\n<\/blockquote>\n<\/div><\/section><\/div>\n<\/div><\/div><\/div><!-- close content main div --><\/div><div class='av-extra-border-element border-extra-diagonal  '><div class='av-extra-border-outer'><div class='av-extra-border-inner'  style='background-color:#f1f1f1;' ><\/div><\/div><\/div><\/div><div id='after_section_4'  class='main_color av_default_container_wrap container_wrap sidebar_right' style=' '  ><div class='container' ><div class='template-page content  av-content-small alpha units'><div class='post-entry post-entry-type-page post-entry-2'><div class='entry-content-wrapper clearfix'>\n<\/div><\/div><\/div><!-- close content main div --><\/div><\/div><div id='av_section_5'  class='avia-section main_color avia-section-default avia-no-border-styling  avia-bg-style-scroll   container_wrap sidebar_right' style='background-color: #f1f1f1;  '  ><div class='container' ><div class='template-page content  av-content-small alpha units'><div class='post-entry post-entry-type-page post-entry-2'><div class='entry-content-wrapper clearfix'>\n<div class=\"flex_column av_one_half  flex_column_div av-zero-column-padding first  \" style='border-radius:0px; '><section class=\"av_textblock_section \"  itemscope=\"itemscope\" itemtype=\"https:\/\/schema.org\/BlogPosting\" itemprop=\"blogPost\" ><div class='avia_textblock  '   itemprop=\"text\" ><p><img decoding=\"async\" loading=\"lazy\" class=\"alignleft size-full wp-image-41\" src=\"https:\/\/spic-albert.com\/fr\/wp-content\/uploads\/sites\/4\/2014\/06\/FNAIM-logo.png\" alt=\"\" width=\"75\" height=\"74\" srcset=\"https:\/\/spic-albert.com\/fr\/wp-content\/uploads\/sites\/4\/2014\/06\/FNAIM-logo.png 75w, https:\/\/spic-albert.com\/fr\/wp-content\/uploads\/sites\/4\/2014\/06\/FNAIM-logo-48x48.png 48w, https:\/\/spic-albert.com\/fr\/wp-content\/uploads\/sites\/4\/2014\/06\/FNAIM-logo-60x60.png 60w\" sizes=\"(max-width: 75px) 100vw, 75px\" \/>Membre de la Chambre des m\u00e9tiers de l\u2019immobilier (C.M.I.). Adh\u00e9rent \u00e0 la Caisse de Garantie de la FNAIM sous le n\u00b0 10580.<\/p>\n<\/div><\/section><\/div><div class=\"flex_column av_one_half  flex_column_div av-zero-column-padding   \" style='border-radius:0px; '><section class=\"av_textblock_section \"  itemscope=\"itemscope\" itemtype=\"https:\/\/schema.org\/BlogPosting\" itemprop=\"blogPost\" ><div class='avia_textblock  '   itemprop=\"text\" ><p><img decoding=\"async\" loading=\"lazy\" class=\"alignleft size-full wp-image-39\" src=\"https:\/\/spic-albert.com\/fr\/wp-content\/uploads\/sites\/4\/2014\/06\/CEIF-logo.png\" alt=\"\" width=\"75\" height=\"68\" srcset=\"https:\/\/spic-albert.com\/fr\/wp-content\/uploads\/sites\/4\/2014\/06\/CEIF-logo.png 75w, https:\/\/spic-albert.com\/fr\/wp-content\/uploads\/sites\/4\/2014\/06\/CEIF-logo-66x60.png 66w\" sizes=\"(max-width: 75px) 100vw, 75px\" \/>Membre de la chambre des experts (CEIF &#8211; FNAIM)<\/p>\n<\/div><\/section><\/div>\n<\/div><\/div><\/div><!-- close content main div --><\/div><div class='av-extra-border-element border-extra-diagonal  '><div class='av-extra-border-outer'><div class='av-extra-border-inner'  style='background-color:#f1f1f1;' ><\/div><\/div><\/div><\/div><div id='after_section_5'  class='main_color av_default_container_wrap container_wrap sidebar_right' style=' '  ><div class='container' ><div class='template-page content  av-content-small alpha units'><div class='post-entry post-entry-type-page post-entry-2'><div class='entry-content-wrapper clearfix'>\n","protected":false},"excerpt":{"rendered":"","protected":false},"author":1,"featured_media":0,"parent":0,"menu_order":0,"comment_status":"open","ping_status":"open","template":"","meta":{"footnotes":""},"yoast_head":"<!-- This site is optimized with the Yoast SEO plugin v21.1 - https:\/\/yoast.com\/wordpress\/plugins\/seo\/ -->\n<title>Transactions EHPAD centres de convalescence, cliniques | SPIC ALBERT<\/title>\n<meta name=\"description\" content=\"Votre interm\u00e9diaire sp\u00e9cialis\u00e9 des transactions de maisons de retraite (EHPAD), centres de convalescence et cliniques m\u00e9dicales...\" \/>\n<meta name=\"robots\" content=\"index, follow, max-snippet:-1, max-image-preview:large, max-video-preview:-1\" \/>\n<link rel=\"canonical\" href=\"https:\/\/spic-albert.com\/fr\/\" \/>\n<meta property=\"og:locale\" content=\"fr_FR\" \/>\n<meta property=\"og:type\" content=\"article\" \/>\n<meta property=\"og:title\" content=\"Transactions EHPAD centres de convalescence, cliniques | SPIC ALBERT\" \/>\n<meta property=\"og:description\" content=\"Votre interm\u00e9diaire sp\u00e9cialis\u00e9 des transactions de maisons de retraite (EHPAD), centres de convalescence et cliniques m\u00e9dicales...\" \/>\n<meta property=\"og:url\" content=\"https:\/\/spic-albert.com\/fr\/\" \/>\n<meta property=\"og:site_name\" content=\"Spic et Albert\" \/>\n<meta property=\"article:modified_time\" content=\"2023-09-07T08:58:49+00:00\" \/>\n<meta property=\"og:image\" content=\"https:\/\/spic-albert.com\/fr\/wp-content\/uploads\/sites\/4\/2014\/06\/FNAIM-logo.png\" \/>\n<meta name=\"twitter:card\" content=\"summary_large_image\" \/>\n<meta name=\"twitter:label1\" content=\"Dur\u00e9e de lecture estim\u00e9e\" \/>\n\t<meta name=\"twitter:data1\" content=\"6 minutes\" \/>\n<script type=\"application\/ld+json\" class=\"yoast-schema-graph\">{\"@context\":\"https:\/\/schema.org\",\"@graph\":[{\"@type\":\"WebPage\",\"@id\":\"https:\/\/spic-albert.com\/fr\/\",\"url\":\"https:\/\/spic-albert.com\/fr\/\",\"name\":\"Transactions EHPAD centres de convalescence, cliniques | SPIC ALBERT\",\"isPartOf\":{\"@id\":\"https:\/\/spic-albert.com\/fr\/#website\"},\"datePublished\":\"2014-06-10T10:08:49+00:00\",\"dateModified\":\"2023-09-07T08:58:49+00:00\",\"description\":\"Votre interm\u00e9diaire sp\u00e9cialis\u00e9 des transactions de maisons de retraite (EHPAD), centres de convalescence et cliniques m\u00e9dicales...\",\"breadcrumb\":{\"@id\":\"https:\/\/spic-albert.com\/fr\/#breadcrumb\"},\"inLanguage\":\"fr-FR\",\"potentialAction\":[{\"@type\":\"ReadAction\",\"target\":[\"https:\/\/spic-albert.com\/fr\/\"]}]},{\"@type\":\"BreadcrumbList\",\"@id\":\"https:\/\/spic-albert.com\/fr\/#breadcrumb\",\"itemListElement\":[{\"@type\":\"ListItem\",\"position\":1,\"name\":\"Accueil\",\"item\":\"https:\/\/spic-albert.com\/fr\/\"},{\"@type\":\"ListItem\",\"position\":2,\"name\":\"Accueil\"}]},{\"@type\":\"WebSite\",\"@id\":\"https:\/\/spic-albert.com\/fr\/#website\",\"url\":\"https:\/\/spic-albert.com\/fr\/\",\"name\":\"Spic et Albert\",\"description\":\"Soci\u00e9t\u00e9 parisienne immobili\u00e8re et commerciale sp\u00e9cialis\u00e9e dans les transactions immobili\u00e8res de maisons de retraite (EHPAD), centres de convalescence et cliniques m\u00e9dicales\",\"potentialAction\":[{\"@type\":\"SearchAction\",\"target\":{\"@type\":\"EntryPoint\",\"urlTemplate\":\"https:\/\/spic-albert.com\/fr\/?s={search_term_string}\"},\"query-input\":\"required name=search_term_string\"}],\"inLanguage\":\"fr-FR\"}]}<\/script>\n<!-- \/ Yoast SEO plugin. -->","yoast_head_json":{"title":"Transactions EHPAD centres de convalescence, cliniques | SPIC ALBERT","description":"Votre interm\u00e9diaire sp\u00e9cialis\u00e9 des transactions de maisons de retraite (EHPAD), centres de convalescence et cliniques m\u00e9dicales...","robots":{"index":"index","follow":"follow","max-snippet":"max-snippet:-1","max-image-preview":"max-image-preview:large","max-video-preview":"max-video-preview:-1"},"canonical":"https:\/\/spic-albert.com\/fr\/","og_locale":"fr_FR","og_type":"article","og_title":"Transactions EHPAD centres de convalescence, cliniques | SPIC ALBERT","og_description":"Votre interm\u00e9diaire sp\u00e9cialis\u00e9 des transactions de maisons de retraite (EHPAD), centres de convalescence et cliniques m\u00e9dicales...","og_url":"https:\/\/spic-albert.com\/fr\/","og_site_name":"Spic et Albert","article_modified_time":"2023-09-07T08:58:49+00:00","og_image":[{"url":"https:\/\/spic-albert.com\/fr\/wp-content\/uploads\/sites\/4\/2014\/06\/FNAIM-logo.png"}],"twitter_card":"summary_large_image","twitter_misc":{"Dur\u00e9e de lecture estim\u00e9e":"6 minutes"},"schema":{"@context":"https:\/\/schema.org","@graph":[{"@type":"WebPage","@id":"https:\/\/spic-albert.com\/fr\/","url":"https:\/\/spic-albert.com\/fr\/","name":"Transactions EHPAD centres de convalescence, cliniques | SPIC ALBERT","isPartOf":{"@id":"https:\/\/spic-albert.com\/fr\/#website"},"datePublished":"2014-06-10T10:08:49+00:00","dateModified":"2023-09-07T08:58:49+00:00","description":"Votre interm\u00e9diaire sp\u00e9cialis\u00e9 des transactions de maisons de retraite (EHPAD), centres de convalescence et cliniques m\u00e9dicales...","breadcrumb":{"@id":"https:\/\/spic-albert.com\/fr\/#breadcrumb"},"inLanguage":"fr-FR","potentialAction":[{"@type":"ReadAction","target":["https:\/\/spic-albert.com\/fr\/"]}]},{"@type":"BreadcrumbList","@id":"https:\/\/spic-albert.com\/fr\/#breadcrumb","itemListElement":[{"@type":"ListItem","position":1,"name":"Accueil","item":"https:\/\/spic-albert.com\/fr\/"},{"@type":"ListItem","position":2,"name":"Accueil"}]},{"@type":"WebSite","@id":"https:\/\/spic-albert.com\/fr\/#website","url":"https:\/\/spic-albert.com\/fr\/","name":"Spic et Albert","description":"Soci\u00e9t\u00e9 parisienne immobili\u00e8re et commerciale sp\u00e9cialis\u00e9e dans les transactions immobili\u00e8res de maisons de retraite (EHPAD), centres de convalescence et cliniques m\u00e9dicales","potentialAction":[{"@type":"SearchAction","target":{"@type":"EntryPoint","urlTemplate":"https:\/\/spic-albert.com\/fr\/?s={search_term_string}"},"query-input":"required name=search_term_string"}],"inLanguage":"fr-FR"}]}},"_links":{"self":[{"href":"https:\/\/spic-albert.com\/fr\/wp-json\/wp\/v2\/pages\/2"}],"collection":[{"href":"https:\/\/spic-albert.com\/fr\/wp-json\/wp\/v2\/pages"}],"about":[{"href":"https:\/\/spic-albert.com\/fr\/wp-json\/wp\/v2\/types\/page"}],"author":[{"embeddable":true,"href":"https:\/\/spic-albert.com\/fr\/wp-json\/wp\/v2\/users\/1"}],"replies":[{"embeddable":true,"href":"https:\/\/spic-albert.com\/fr\/wp-json\/wp\/v2\/comments?post=2"}],"version-history":[{"count":73,"href":"https:\/\/spic-albert.com\/fr\/wp-json\/wp\/v2\/pages\/2\/revisions"}],"predecessor-version":[{"id":2791,"href":"https:\/\/spic-albert.com\/fr\/wp-json\/wp\/v2\/pages\/2\/revisions\/2791"}],"wp:attachment":[{"href":"https:\/\/spic-albert.com\/fr\/wp-json\/wp\/v2\/media?parent=2"}],"curies":[{"name":"wp","href":"https:\/\/api.w.org\/{rel}","templated":true}]}}