{"id":18,"date":"2014-06-11T13:11:14","date_gmt":"2014-06-11T12:11:14","guid":{"rendered":"http:\/\/www.spic-albert.com\/?page_id=18"},"modified":"2021-02-01T16:34:04","modified_gmt":"2021-02-01T15:34:04","slug":"expertise-et-conseil-immobiliers","status":"publish","type":"page","link":"https:\/\/spic-albert.com\/fr\/expertise-et-conseil-immobiliers\/","title":{"rendered":"Notre savoir faire"},"content":{"rendered":"<div id='entete-image'  class='avia-section main_color avia-section-default avia-no-border-styling  avia-bg-style-scroll  avia-builder-el-0  el_before_av_section  avia-builder-el-first   av-minimum-height av-minimum-height-50  container_wrap sidebar_right' style='background-color: #f1f1f1; background-repeat: no-repeat; background-image: url(https:\/\/spic-albert.com\/fr\/wp-content\/uploads\/sites\/4\/2021\/01\/spic-et-albert-background-fr-2-1.jpg);background-attachment: scroll; background-position: top center;  '  data-section-bg-repeat='no-repeat' data-av_minimum_height_pc='50'><div class='container' ><main  role=\"main\" itemprop=\"mainContentOfPage\"  class='template-page content  av-content-small alpha units'><div class='post-entry post-entry-type-page post-entry-18'><div class='entry-content-wrapper clearfix'>\n<\/div><\/div><\/main><!-- close content main element --><\/div><div class='av-extra-border-element border-extra-diagonal border-extra-diagonal-inverse '><div class='av-extra-border-outer'><div class='av-extra-border-inner'  style='background-color:#f1f1f1;' ><\/div><\/div><\/div><\/div><div id='av_section_2'  class='avia-section main_color avia-section-default avia-no-border-styling  avia-bg-style-scroll  avia-builder-el-1  el_after_av_section  el_before_av_layout_row   container_wrap sidebar_right' style='background-color: #f1f1f1;  '  ><div class='container' ><div class='template-page content  av-content-small alpha units'><div class='post-entry post-entry-type-page post-entry-18'><div class='entry-content-wrapper clearfix'>\n<div class=\"flex_column av_one_full  flex_column_div av-zero-column-padding first  avia-builder-el-2  el_before_av_one_third  avia-builder-el-first  \" style='border-radius:0px; '><section class=\"av_textblock_section \"  itemscope=\"itemscope\" itemtype=\"https:\/\/schema.org\/CreativeWork\" ><div class='avia_textblock  '   itemprop=\"text\" ><h2>Expertise et conseil immobiliers dans le domaine sanitaire et m\u00e9dico-social<\/h2>\n<\/div><\/section><\/div><div class=\"flex_column av_one_third  flex_column_div av-zero-column-padding first  avia-builder-el-4  el_after_av_one_full  el_before_av_one_third  column-top-margin\" style='border-radius:0px; '><section class=\"av_textblock_section \"  itemscope=\"itemscope\" itemtype=\"https:\/\/schema.org\/CreativeWork\" ><div class='avia_textblock  '   itemprop=\"text\" ><h3>Notre r\u00f4le<\/h3>\n<ul>\n<li>Expertises et conseils.<\/li>\n<li>Mise en pr\u00e9sence des parties.<\/li>\n<li>Accompagnement et n\u00e9gociation des affaires.<\/li>\n<\/ul>\n<blockquote>\n<p>Nos interlocuteurs sont, pour l\u2019essentiel, des intervenants issus d\u2019un m\u00eame environnement professionnel.<\/p>\n<\/blockquote>\n<\/div><\/section><\/div><div class=\"flex_column av_one_third  flex_column_div av-zero-column-padding   avia-builder-el-6  el_after_av_one_third  el_before_av_one_third  column-top-margin\" style='border-radius:0px; '><section class=\"av_textblock_section \"  itemscope=\"itemscope\" itemtype=\"https:\/\/schema.org\/CreativeWork\" ><div class='avia_textblock  '   itemprop=\"text\" ><h3>Notre potentiel<\/h3>\n<ul>\n<li>Un important fichier d\u2019acqu\u00e9reurs.<\/li>\n<li>Un nombre r\u00e9gulier d\u2019\u00e9tablissements \u00e0 la vente.<\/li>\n<li>Une longue exp\u00e9rience du domaine sanitaire et m\u00e9dico-social.<\/li>\n<\/ul>\n<\/div><\/section><\/div><div class=\"flex_column av_one_third  flex_column_div av-zero-column-padding   avia-builder-el-8  el_after_av_one_third  avia-builder-el-last  column-top-margin\" style='border-radius:0px; '><section class=\"av_textblock_section \"  itemscope=\"itemscope\" itemtype=\"https:\/\/schema.org\/CreativeWork\" ><div class='avia_textblock  '   itemprop=\"text\" ><h3>Nos conditions<\/h3>\n<p>Mandat\u00e9s par les vendeurs, nos honoraires sont \u00e0 la charge des acheteurs et ne sont r\u00e9gl\u00e9s qu\u2019\u00e0 la signature de l\u2019acte de vente.<\/p>\n<blockquote>\n<p>Dans un contexte de forte sollicitation, n\u2019h\u00e9sitez pas \u00e0 nous associer \u00e0 vos r\u00e9flexions, en vue d\u2019optimiser vos projets de cession ou d\u2019acquisition.<\/p>\n<\/blockquote>\n<\/div><\/section><\/div>\n\n<\/div><\/div><\/div><!-- close content main div --><\/div><\/div><div id='av-layout-grid-1'  class='av-layout-grid-container entry-content-wrapper main_color av-flex-cells     avia-builder-el-10  el_after_av_section  el_before_av_section  submenu-not-first container_wrap sidebar_right' style=' '  >\n<div class=\"flex_cell no_margin av_one_half  avia-builder-el-11  el_before_av_cell_one_half  avia-builder-el-first   \"  style='background: #f9c128; vertical-align:top; padding:30px 30px 30px 100px ; background-color:#f9c128; ' ><div class='flex_cell_inner' ><section class=\"av_textblock_section \"  itemscope=\"itemscope\" itemtype=\"https:\/\/schema.org\/CreativeWork\" ><div class='avia_textblock  '   itemprop=\"text\" ><h2>Acheteurs ou vendeurs<\/h2>\n<p>Ces derni\u00e8res ann\u00e9es, la mise en vigueur de la loi de 2002, ainsi que le d\u00e9veloppement des principaux groupes en activit\u00e9 ont contribu\u00e9 \u00e0 une tr\u00e8s nette \u00e9volution du march\u00e9 des transactions.<\/p>\n<p>La proc\u00e9dure d&rsquo;appel \u00e0 projet et d&rsquo;autorisation institu\u00e9e par <strong>la loi H\u00f4pital, Patients, Sant\u00e9, Territoire, du 21 juillet 2009<\/strong> a frein\u00e9 consid\u00e9rablement les proc\u00e9dures de cr\u00e9ation.<\/p>\n<p>Ces r\u00e9alit\u00e9s ont une incidence sur la valorisation des affaires.<\/p>\n<\/div><\/section><br \/>\n<section class=\"av_textblock_section \"  itemscope=\"itemscope\" itemtype=\"https:\/\/schema.org\/CreativeWork\" ><div class='avia_textblock  '   itemprop=\"text\" ><h3 style=\"text-align: center; padding: 20px; background-color: #f9b618ba; line-height: 1.3em;\">N\u2019h\u00e9sitez pas \u00e0 questionner nos sp\u00e9cialistes<\/h3>\n<\/div><\/section><br \/>\n<div  class='avia-button-wrap avia-button-center  avia-builder-el-14  el_after_av_textblock  avia-builder-el-last ' ><a href='https:\/\/spic-albert.com\/fr\/contacter-spic-et-albert\/'  class='avia-button  avia-font-color-black  avia-icon_select-no avia-size-medium avia-position-center '  style='background-color:#f9d748; border-color:#f9d748; ' ><span class='avia_iconbox_title' >Contactez Spic et Albert<\/span><span class='avia_button_background avia-button avia-color-custom' style='background-color:#f28900;'><\/span><\/a><\/div><\/p>\n<\/div><\/div><div class=\"flex_cell no_margin av_one_half  avia-builder-el-15  el_after_av_cell_one_half  avia-builder-el-last   \"  style='background: #f9c128; vertical-align:top; padding:30px; background-color:#f9c128; ' ><div class='flex_cell_inner' ><div  class='avia-image-container  av-styling-no-styling    avia-builder-el-16  avia-builder-el-no-sibling  avia-align-center '  itemprop=\"image\" itemscope=\"itemscope\" itemtype=\"https:\/\/schema.org\/ImageObject\"  ><div class='avia-image-container-inner'><div class='avia-image-overlay-wrap'><img decoding=\"async\" class='wp-image-228 avia-img-lazy-loading-not-228 avia_image' src=\"https:\/\/spic-albert.com\/fr\/wp-content\/uploads\/sites\/4\/2014\/06\/sidebar-savoir-faire.jpg\" alt='expertise conseil immobilier m\u00e9dicale' title='sidebar-savoir-faire' height=\"287\" width=\"244\"  itemprop=\"thumbnailUrl\" srcset=\"https:\/\/spic-albert.com\/fr\/wp-content\/uploads\/sites\/4\/2014\/06\/sidebar-savoir-faire.jpg 244w, https:\/\/spic-albert.com\/fr\/wp-content\/uploads\/sites\/4\/2014\/06\/sidebar-savoir-faire-51x60.jpg 51w, https:\/\/spic-albert.com\/fr\/wp-content\/uploads\/sites\/4\/2014\/06\/sidebar-savoir-faire-102x120.jpg 102w\" sizes=\"(max-width: 244px) 100vw, 244px\" \/><\/div><\/div><\/div>\n<\/div><\/div>\n<\/div>\n<div id='av_section_3'  class='avia-section main_color avia-section-default avia-no-border-styling  avia-bg-style-scroll  avia-builder-el-17  el_after_av_layout_row  avia-builder-el-last   container_wrap sidebar_right' style='background-color: #f1f1f1;  '  ><div class='container' ><div class='template-page content  av-content-small alpha units'><div class='post-entry post-entry-type-page post-entry-18'><div class='entry-content-wrapper clearfix'>\n<div class=\"flex_column av_one_half  flex_column_div av-zero-column-padding first  avia-builder-el-18  el_before_av_one_half  avia-builder-el-first  \" style='border-radius:0px; '><section class=\"av_textblock_section \"  itemscope=\"itemscope\" itemtype=\"https:\/\/schema.org\/CreativeWork\" ><div class='avia_textblock  '   itemprop=\"text\" ><p><img decoding=\"async\" loading=\"lazy\" class=\"alignleft size-full wp-image-41\" src=\"https:\/\/spic-albert.com\/fr\/wp-content\/uploads\/sites\/4\/2014\/06\/FNAIM-logo.png\" alt=\"\" width=\"75\" height=\"74\" srcset=\"https:\/\/spic-albert.com\/fr\/wp-content\/uploads\/sites\/4\/2014\/06\/FNAIM-logo.png 75w, https:\/\/spic-albert.com\/fr\/wp-content\/uploads\/sites\/4\/2014\/06\/FNAIM-logo-48x48.png 48w, https:\/\/spic-albert.com\/fr\/wp-content\/uploads\/sites\/4\/2014\/06\/FNAIM-logo-60x60.png 60w\" sizes=\"(max-width: 75px) 100vw, 75px\" \/>Membre de la Chambre des m\u00e9tiers de l\u2019immobilier (C.M.I.). Adh\u00e9rent \u00e0 la Caisse de Garantie de la FNAIM sous le n\u00b0 10580.<\/p>\n<\/div><\/section><\/div><div class=\"flex_column av_one_half  flex_column_div av-zero-column-padding   avia-builder-el-20  el_after_av_one_half  avia-builder-el-last  \" style='border-radius:0px; '><section class=\"av_textblock_section \"  itemscope=\"itemscope\" itemtype=\"https:\/\/schema.org\/CreativeWork\" ><div class='avia_textblock  '   itemprop=\"text\" ><p><img decoding=\"async\" loading=\"lazy\" class=\"alignleft size-full wp-image-39\" src=\"https:\/\/spic-albert.com\/fr\/wp-content\/uploads\/sites\/4\/2014\/06\/CEIF-logo.png\" alt=\"\" width=\"75\" height=\"68\" srcset=\"https:\/\/spic-albert.com\/fr\/wp-content\/uploads\/sites\/4\/2014\/06\/CEIF-logo.png 75w, https:\/\/spic-albert.com\/fr\/wp-content\/uploads\/sites\/4\/2014\/06\/CEIF-logo-66x60.png 66w\" sizes=\"(max-width: 75px) 100vw, 75px\" \/>Membre de la chambre des experts (CEIF &#8211; FNAIM)<\/p>\n<\/div><\/section><\/div>\n<\/div><\/div><\/div><!-- close content main div --><\/div><div class='av-extra-border-element border-extra-diagonal  '><div class='av-extra-border-outer'><div class='av-extra-border-inner'  style='background-color:#f1f1f1;' ><\/div><\/div><\/div><\/div><div id='after_section_3'  class='main_color av_default_container_wrap container_wrap sidebar_right' style=' '  ><div class='container' ><div class='template-page content  av-content-small alpha units'><div class='post-entry post-entry-type-page post-entry-18'><div class='entry-content-wrapper clearfix'>\n","protected":false},"excerpt":{"rendered":"","protected":false},"author":1,"featured_media":0,"parent":0,"menu_order":0,"comment_status":"open","ping_status":"open","template":"","meta":{"footnotes":""},"yoast_head":"<!-- This site is optimized with the Yoast SEO plugin v21.1 - https:\/\/yoast.com\/wordpress\/plugins\/seo\/ -->\n<title>Expertise et conseil immobiliers sanitaire m\u00e9dico-social | SPIC ET ALBERT<\/title>\n<meta name=\"description\" content=\"Expertise et conseil immobiliers, accompagnement et n\u00e9gociations... Savoir faire et longue exp\u00e9rience du domaine sanitaire et m\u00e9dico...\" \/>\n<meta name=\"robots\" content=\"index, follow, max-snippet:-1, max-image-preview:large, max-video-preview:-1\" \/>\n<link rel=\"canonical\" href=\"https:\/\/spic-albert.com\/fr\/expertise-et-conseil-immobiliers\/\" \/>\n<meta property=\"og:locale\" content=\"fr_FR\" \/>\n<meta property=\"og:type\" content=\"article\" \/>\n<meta property=\"og:title\" content=\"Expertise et conseil immobiliers sanitaire m\u00e9dico-social | SPIC ET ALBERT\" \/>\n<meta property=\"og:description\" content=\"Expertise et conseil immobiliers, accompagnement et n\u00e9gociations... Savoir faire et longue exp\u00e9rience du domaine sanitaire et m\u00e9dico...\" \/>\n<meta property=\"og:url\" content=\"https:\/\/spic-albert.com\/fr\/expertise-et-conseil-immobiliers\/\" \/>\n<meta property=\"og:site_name\" content=\"Spic et Albert\" \/>\n<meta property=\"article:modified_time\" content=\"2021-02-01T15:34:04+00:00\" \/>\n<meta property=\"og:image\" content=\"https:\/\/spic-albert.com\/fr\/wp-content\/uploads\/sites\/4\/2014\/06\/FNAIM-logo.png\" \/>\n<meta name=\"twitter:card\" content=\"summary_large_image\" \/>\n<meta name=\"twitter:label1\" content=\"Dur\u00e9e de lecture estim\u00e9e\" \/>\n\t<meta name=\"twitter:data1\" content=\"10 minutes\" \/>\n<script type=\"application\/ld+json\" class=\"yoast-schema-graph\">{\"@context\":\"https:\/\/schema.org\",\"@graph\":[{\"@type\":\"WebPage\",\"@id\":\"https:\/\/spic-albert.com\/fr\/expertise-et-conseil-immobiliers\/\",\"url\":\"https:\/\/spic-albert.com\/fr\/expertise-et-conseil-immobiliers\/\",\"name\":\"Expertise et conseil immobiliers sanitaire m\u00e9dico-social | SPIC ET ALBERT\",\"isPartOf\":{\"@id\":\"https:\/\/spic-albert.com\/fr\/#website\"},\"datePublished\":\"2014-06-11T12:11:14+00:00\",\"dateModified\":\"2021-02-01T15:34:04+00:00\",\"description\":\"Expertise et conseil immobiliers, accompagnement et n\u00e9gociations... Savoir faire et longue exp\u00e9rience du domaine sanitaire et m\u00e9dico...\",\"breadcrumb\":{\"@id\":\"https:\/\/spic-albert.com\/fr\/expertise-et-conseil-immobiliers\/#breadcrumb\"},\"inLanguage\":\"fr-FR\",\"potentialAction\":[{\"@type\":\"ReadAction\",\"target\":[\"https:\/\/spic-albert.com\/fr\/expertise-et-conseil-immobiliers\/\"]}]},{\"@type\":\"BreadcrumbList\",\"@id\":\"https:\/\/spic-albert.com\/fr\/expertise-et-conseil-immobiliers\/#breadcrumb\",\"itemListElement\":[{\"@type\":\"ListItem\",\"position\":1,\"name\":\"Accueil\",\"item\":\"https:\/\/spic-albert.com\/fr\/\"},{\"@type\":\"ListItem\",\"position\":2,\"name\":\"Notre savoir faire\"}]},{\"@type\":\"WebSite\",\"@id\":\"https:\/\/spic-albert.com\/fr\/#website\",\"url\":\"https:\/\/spic-albert.com\/fr\/\",\"name\":\"Spic et Albert\",\"description\":\"Soci\u00e9t\u00e9 parisienne immobili\u00e8re et commerciale sp\u00e9cialis\u00e9e dans les transactions immobili\u00e8res de maisons de retraite (EHPAD), centres de convalescence et cliniques m\u00e9dicales\",\"potentialAction\":[{\"@type\":\"SearchAction\",\"target\":{\"@type\":\"EntryPoint\",\"urlTemplate\":\"https:\/\/spic-albert.com\/fr\/?s={search_term_string}\"},\"query-input\":\"required name=search_term_string\"}],\"inLanguage\":\"fr-FR\"}]}<\/script>\n<!-- \/ Yoast SEO plugin. -->","yoast_head_json":{"title":"Expertise et conseil immobiliers sanitaire m\u00e9dico-social | SPIC ET ALBERT","description":"Expertise et conseil immobiliers, accompagnement et n\u00e9gociations... Savoir faire et longue exp\u00e9rience du domaine sanitaire et m\u00e9dico...","robots":{"index":"index","follow":"follow","max-snippet":"max-snippet:-1","max-image-preview":"max-image-preview:large","max-video-preview":"max-video-preview:-1"},"canonical":"https:\/\/spic-albert.com\/fr\/expertise-et-conseil-immobiliers\/","og_locale":"fr_FR","og_type":"article","og_title":"Expertise et conseil immobiliers sanitaire m\u00e9dico-social | SPIC ET ALBERT","og_description":"Expertise et conseil immobiliers, accompagnement et n\u00e9gociations... Savoir faire et longue exp\u00e9rience du domaine sanitaire et m\u00e9dico...","og_url":"https:\/\/spic-albert.com\/fr\/expertise-et-conseil-immobiliers\/","og_site_name":"Spic et Albert","article_modified_time":"2021-02-01T15:34:04+00:00","og_image":[{"url":"https:\/\/spic-albert.com\/fr\/wp-content\/uploads\/sites\/4\/2014\/06\/FNAIM-logo.png"}],"twitter_card":"summary_large_image","twitter_misc":{"Dur\u00e9e de lecture estim\u00e9e":"10 minutes"},"schema":{"@context":"https:\/\/schema.org","@graph":[{"@type":"WebPage","@id":"https:\/\/spic-albert.com\/fr\/expertise-et-conseil-immobiliers\/","url":"https:\/\/spic-albert.com\/fr\/expertise-et-conseil-immobiliers\/","name":"Expertise et conseil immobiliers sanitaire m\u00e9dico-social | SPIC ET ALBERT","isPartOf":{"@id":"https:\/\/spic-albert.com\/fr\/#website"},"datePublished":"2014-06-11T12:11:14+00:00","dateModified":"2021-02-01T15:34:04+00:00","description":"Expertise et conseil immobiliers, accompagnement et n\u00e9gociations... Savoir faire et longue exp\u00e9rience du domaine sanitaire et m\u00e9dico...","breadcrumb":{"@id":"https:\/\/spic-albert.com\/fr\/expertise-et-conseil-immobiliers\/#breadcrumb"},"inLanguage":"fr-FR","potentialAction":[{"@type":"ReadAction","target":["https:\/\/spic-albert.com\/fr\/expertise-et-conseil-immobiliers\/"]}]},{"@type":"BreadcrumbList","@id":"https:\/\/spic-albert.com\/fr\/expertise-et-conseil-immobiliers\/#breadcrumb","itemListElement":[{"@type":"ListItem","position":1,"name":"Accueil","item":"https:\/\/spic-albert.com\/fr\/"},{"@type":"ListItem","position":2,"name":"Notre savoir faire"}]},{"@type":"WebSite","@id":"https:\/\/spic-albert.com\/fr\/#website","url":"https:\/\/spic-albert.com\/fr\/","name":"Spic et Albert","description":"Soci\u00e9t\u00e9 parisienne immobili\u00e8re et commerciale sp\u00e9cialis\u00e9e dans les transactions immobili\u00e8res de maisons de retraite (EHPAD), centres de convalescence et cliniques m\u00e9dicales","potentialAction":[{"@type":"SearchAction","target":{"@type":"EntryPoint","urlTemplate":"https:\/\/spic-albert.com\/fr\/?s={search_term_string}"},"query-input":"required name=search_term_string"}],"inLanguage":"fr-FR"}]}},"_links":{"self":[{"href":"https:\/\/spic-albert.com\/fr\/wp-json\/wp\/v2\/pages\/18"}],"collection":[{"href":"https:\/\/spic-albert.com\/fr\/wp-json\/wp\/v2\/pages"}],"about":[{"href":"https:\/\/spic-albert.com\/fr\/wp-json\/wp\/v2\/types\/page"}],"author":[{"embeddable":true,"href":"https:\/\/spic-albert.com\/fr\/wp-json\/wp\/v2\/users\/1"}],"replies":[{"embeddable":true,"href":"https:\/\/spic-albert.com\/fr\/wp-json\/wp\/v2\/comments?post=18"}],"version-history":[{"count":41,"href":"https:\/\/spic-albert.com\/fr\/wp-json\/wp\/v2\/pages\/18\/revisions"}],"predecessor-version":[{"id":2766,"href":"https:\/\/spic-albert.com\/fr\/wp-json\/wp\/v2\/pages\/18\/revisions\/2766"}],"wp:attachment":[{"href":"https:\/\/spic-albert.com\/fr\/wp-json\/wp\/v2\/media?parent=18"}],"curies":[{"name":"wp","href":"https:\/\/api.w.org\/{rel}","templated":true}]}}