{"id":130,"date":"2014-06-13T14:02:58","date_gmt":"2014-06-13T13:02:58","guid":{"rendered":"http:\/\/www.spic-albert.com\/?page_id=130"},"modified":"2023-09-04T12:21:53","modified_gmt":"2023-09-04T10:21:53","slug":"mentions-legales","status":"publish","type":"page","link":"https:\/\/spic-albert.com\/fr\/mentions-legales\/","title":{"rendered":"Mentions l\u00e9gales"},"content":{"rendered":"<div id='av_section_1'  class='avia-section main_color avia-section-default avia-no-border-styling  avia-bg-style-scroll  avia-builder-el-0  el_before_av_section  avia-builder-el-first   av-minimum-height av-minimum-height-50  container_wrap sidebar_right' style='background-color: #f1f1f1; background-repeat: no-repeat; background-image: url(https:\/\/spic-albert.com\/fr\/wp-content\/uploads\/sites\/4\/2021\/01\/spic-et-albert-background-fr-3.jpg);background-attachment: scroll; background-position: top center;  '  data-section-bg-repeat='no-repeat' data-av_minimum_height_pc='50'><div class='container' ><main  role=\"main\" itemprop=\"mainContentOfPage\"  class='template-page content  av-content-small alpha units'><div class='post-entry post-entry-type-page post-entry-130'><div class='entry-content-wrapper clearfix'>\n<\/div><\/div><\/main><!-- close content main element --><\/div><div class='av-extra-border-element border-extra-diagonal border-extra-diagonal-inverse '><div class='av-extra-border-outer'><div class='av-extra-border-inner'  style='background-color:#f1f1f1;' ><\/div><\/div><\/div><\/div><div id='av_section_2'  class='avia-section main_color avia-section-default avia-no-border-styling  avia-bg-style-scroll  avia-builder-el-1  el_after_av_section  avia-builder-el-last   container_wrap sidebar_right' style='background-color: #f1f1f1;  '  ><div class='container' ><div class='template-page content  av-content-small alpha units'><div class='post-entry post-entry-type-page post-entry-130'><div class='entry-content-wrapper clearfix'>\n<section class=\"av_textblock_section \"  itemscope=\"itemscope\" itemtype=\"https:\/\/schema.org\/CreativeWork\" ><div class='avia_textblock  '   itemprop=\"text\" ><div class=\"contenugeneral\">\n<section id=\"texte\">\n<h2>Mentions l\u00e9gales<\/h2>\n<h3>Identification<\/h3>\n<p>En vertu de l\u2019article 6 de la loi n\u00b0 2004-575 du 21 juin 2004 pour la confiance dans l\u2019\u00e9conomie num\u00e9rique, il est pr\u00e9cis\u00e9 aux utilisateurs du site www.spic-albert.com l\u2019identit\u00e9 des diff\u00e9rents intervenants dans le cadre de sa r\u00e9alisation et de son suivi :<\/p>\n<ul>\n<li><strong>Propri\u00e9taire :<\/strong> S.P.I.C et Albert, 25 rue de Caumartin, 75009 Paris.<br \/>\nS.A.S. au capital de 54 250 \u20ac<br \/>\nR.C. Paris B 562 025 007 &#8211; Siret 562 025 007 00047<br \/>\nT\u00e9l. 01.42.33.62.67<\/li>\n<li><strong>Responsable publication :<\/strong> Jean-Etienne de Becdeli\u00e8vre<\/li>\n<li><strong>Conception et r\u00e9alisation :<\/strong> Rosita Bianco, graphiste web et print &#8211; <a href=\"https:\/\/www.rosita-bianco-graphiste.fr\" target=\"_blank\" rel=\"noopener noreferrer\"> www.rosita-bianco-graphiste.fr<\/a><\/li>\n<li><strong>H\u00e9bergeur du site :<\/strong> OVH, 2 rue Kellermann, 59100 Roubaix, France &#8211; <a href=\"http:\/\/www.ovh.com\" target=\"_blank\" rel=\"noopener noreferrer\">www.ovh.com<\/a><\/li>\n<\/ul>\n<h2>Conditions g\u00e9n\u00e9rales d\u2019utilisation du site<\/h2>\n<p>L\u2019utilisation du site\u00a0spic-albert.com implique l\u2019acceptation pleine et enti\u00e8re des conditions g\u00e9n\u00e9rales d\u2019utilisation ci-apr\u00e8s d\u00e9crites. Ces conditions d\u2019utilisation sont susceptibles d\u2019\u00eatre modifi\u00e9es ou compl\u00e9t\u00e9es \u00e0 tout moment, les utilisateurs du site\u00a0sont donc invit\u00e9s \u00e0 les consulter de mani\u00e8re r\u00e9guli\u00e8re.<\/p>\n<p>Ce site est normalement accessible \u00e0 tout moment aux utilisateurs. Une interruption pour raison de maintenance technique peut \u00eatre toutefois d\u00e9cid\u00e9e par\u00a0Spic et Albert.<\/p>\n<p>Le site spic-albert.com est mis \u00e0 jour r\u00e9guli\u00e8rement. De la m\u00eame fa\u00e7on, les mentions l\u00e9gales peuvent \u00eatre modifi\u00e9es \u00e0 tout moment : elles s\u2019imposent n\u00e9anmoins \u00e0 l\u2019utilisateur qui est invit\u00e9 \u00e0 s\u2019y r\u00e9f\u00e9rer le plus souvent possible afin d\u2019en prendre connaissance.<\/p>\n<h3>1. Description des services fournis<\/h3>\n<p>Le site spic-albert.com a pour objet de vous fournir des informations sur nos activit\u00e9s.<\/p>\n<p>Spic et Albert s\u2019efforce de fournir sur le site spic-albert.com des informations aussi pr\u00e9cises que possible. Toutefois, Spic et Albert ne pourra \u00eatre tenue responsable des omissions, des inexactitudes et des carences dans la mise \u00e0 jour, qu\u2019elles soient de son fait ou du fait des tiers partenaires qui lui fournissent ces informations.<\/p>\n<p>Toutes les informations indiqu\u00e9es sur le site\u00a0sont donn\u00e9es \u00e0 titre indicatif, et sont susceptibles d\u2019\u00e9voluer. Par ailleurs, les renseignements figurant sur le site ne sont pas exhaustifs. Ils sont donn\u00e9s sous r\u00e9serve de modifications ayant \u00e9t\u00e9 apport\u00e9es depuis leur mise en ligne.<\/p>\n<h3>2. Limitations contractuelles sur les donn\u00e9es techniques<\/h3>\n<p>Le site utilise la technologie d\u2019un CMS et le protocole s\u00e9curis\u00e9 https.<\/p>\n<p>Le site Internet ne pourra \u00eatre tenu responsable de dommages mat\u00e9riels li\u00e9s \u00e0 l\u2019utilisation du site. De plus, l\u2019utilisateur du site s\u2019engage \u00e0 acc\u00e9der au site en utilisant un mat\u00e9riel r\u00e9cent, ne contenant pas de virus et avec un navigateur de derni\u00e8re g\u00e9n\u00e9ration mis \u00e0 jour.<\/p>\n<h3>3. Propri\u00e9t\u00e9 intellectuelle et contrefa\u00e7ons<\/h3>\n<p>Spic et Albert est propri\u00e9taire des droits de propri\u00e9t\u00e9 intellectuelle ou d\u00e9tient les droits d\u2019usage sur tous les \u00e9l\u00e9ments accessibles sur le site, notamment les textes, images, graphismes, logo, ic\u00f4nes, sons, logiciels.<\/p>\n<p>Toute reproduction, repr\u00e9sentation, modification, publication, adaptation de tout ou partie des \u00e9l\u00e9ments du site, quel que soit le moyen ou le proc\u00e9d\u00e9 utilis\u00e9, est interdite, sauf autorisation \u00e9crite pr\u00e9alable de : Spic et Albert.<\/p>\n<p>Toute exploitation non autoris\u00e9e du site ou de l\u2019un quelconque des \u00e9l\u00e9ments qu\u2019il contient sera consid\u00e9r\u00e9e comme constitutive d\u2019une contrefa\u00e7on et poursuivie conform\u00e9ment aux dispositions des articles L.335-2 et suivants du Code de Propri\u00e9t\u00e9 Intellectuelle.<\/p>\n<h3>4. Limitations de responsabilit\u00e9<\/h3>\n<p>Spic et Albert ne pourra \u00eatre tenue responsable des dommages directs et indirects caus\u00e9s au mat\u00e9riel de l\u2019utilisateur, lors de l\u2019acc\u00e8s au site spic-albert.com, et r\u00e9sultant soit de l\u2019utilisation d\u2019un mat\u00e9riel ne r\u00e9pondant pas aux sp\u00e9cifications indiqu\u00e9es au point 4, soit de l\u2019apparition d\u2019un bug ou d\u2019une incompatibilit\u00e9.<\/p>\n<p>Spic et Albert ne pourra \u00e9galement \u00eatre tenue responsable des dommages indirects (tels par exemple qu\u2019une perte de march\u00e9 ou perte d\u2019une chance) cons\u00e9cutifs \u00e0 l\u2019utilisation du site spic-albert.com.<\/p>\n<p>Des espaces interactifs (formulaire de contact) sont \u00e0 la disposition des utilisateurs. Spic et Albert se r\u00e9serve le droit de supprimer, sans mise en demeure pr\u00e9alable, tout contenu d\u00e9pos\u00e9 dans cet espace qui contreviendrait \u00e0 la l\u00e9gislation applicable en France, en particulier aux dispositions relatives \u00e0 la protection des donn\u00e9es. Le cas \u00e9ch\u00e9ant, Spic et Albert se r\u00e9serve \u00e9galement la possibilit\u00e9 de mettre en cause la responsabilit\u00e9 civile et\/ou p\u00e9nale de l\u2019utilisateur, notamment en cas de message \u00e0 caract\u00e8re raciste, injurieux, diffamant, ou pornographique, quel que soit le support utilis\u00e9 (texte, photographie\u2026).<\/p>\n<h3>5. Gestion des donn\u00e9es personnelles<\/h3>\n<p>En France, les donn\u00e9es personnelles sont notamment prot\u00e9g\u00e9es par la loi n\u00b0 78-87 du 6 janvier 1978, la loi n\u00b0 2004-801 du 6 ao\u00fbt 2004, l\u2019article L. 226-13 du Code p\u00e9nal et la Directive Europ\u00e9enne du 24 octobre 1995 et par le R\u00e8glement g\u00e9n\u00e9ral de protection des donn\u00e9es (RGPD) au niveau europ\u00e9en, en vigueur depuis le 25\/05\/2018.<\/p>\n<p><a href=\"https:\/\/spic-albert.com\/fr\/politique-de-confidentialite\/\">Veuillez consulter la politique de confidentialit\u00e9 des donn\u00e9es personnelles<\/a><\/p>\n<\/section>\n<\/div>\n<\/div><\/section>\n<\/div><\/div><\/div><!-- close content main div --><\/div><\/div><div id='after_section_2'  class='main_color av_default_container_wrap container_wrap sidebar_right' style=' '  ><div class='container' ><div class='template-page content  av-content-small alpha units'><div class='post-entry post-entry-type-page post-entry-130'><div class='entry-content-wrapper clearfix'>\n","protected":false},"excerpt":{"rendered":"","protected":false},"author":1,"featured_media":0,"parent":0,"menu_order":0,"comment_status":"open","ping_status":"open","template":"","meta":{"footnotes":""},"yoast_head":"<!-- This site is optimized with the Yoast SEO plugin v21.1 - https:\/\/yoast.com\/wordpress\/plugins\/seo\/ -->\n<title>Mentions l\u00e9gales - Spic et Albert<\/title>\n<meta name=\"robots\" content=\"index, follow, max-snippet:-1, max-image-preview:large, max-video-preview:-1\" \/>\n<link rel=\"canonical\" href=\"https:\/\/spic-albert.com\/fr\/mentions-legales\/\" \/>\n<meta property=\"og:locale\" content=\"fr_FR\" \/>\n<meta property=\"og:type\" content=\"article\" \/>\n<meta property=\"og:title\" content=\"Mentions l\u00e9gales - Spic et Albert\" \/>\n<meta property=\"og:url\" content=\"https:\/\/spic-albert.com\/fr\/mentions-legales\/\" \/>\n<meta property=\"og:site_name\" content=\"Spic et Albert\" \/>\n<meta property=\"article:modified_time\" content=\"2023-09-04T10:21:53+00:00\" \/>\n<meta name=\"twitter:card\" content=\"summary_large_image\" \/>\n<meta name=\"twitter:label1\" content=\"Dur\u00e9e de lecture estim\u00e9e\" \/>\n\t<meta name=\"twitter:data1\" content=\"5 minutes\" \/>\n<script type=\"application\/ld+json\" class=\"yoast-schema-graph\">{\"@context\":\"https:\/\/schema.org\",\"@graph\":[{\"@type\":\"WebPage\",\"@id\":\"https:\/\/spic-albert.com\/fr\/mentions-legales\/\",\"url\":\"https:\/\/spic-albert.com\/fr\/mentions-legales\/\",\"name\":\"Mentions l\u00e9gales - Spic et Albert\",\"isPartOf\":{\"@id\":\"https:\/\/spic-albert.com\/fr\/#website\"},\"datePublished\":\"2014-06-13T13:02:58+00:00\",\"dateModified\":\"2023-09-04T10:21:53+00:00\",\"breadcrumb\":{\"@id\":\"https:\/\/spic-albert.com\/fr\/mentions-legales\/#breadcrumb\"},\"inLanguage\":\"fr-FR\",\"potentialAction\":[{\"@type\":\"ReadAction\",\"target\":[\"https:\/\/spic-albert.com\/fr\/mentions-legales\/\"]}]},{\"@type\":\"BreadcrumbList\",\"@id\":\"https:\/\/spic-albert.com\/fr\/mentions-legales\/#breadcrumb\",\"itemListElement\":[{\"@type\":\"ListItem\",\"position\":1,\"name\":\"Accueil\",\"item\":\"https:\/\/spic-albert.com\/fr\/\"},{\"@type\":\"ListItem\",\"position\":2,\"name\":\"Mentions l\u00e9gales\"}]},{\"@type\":\"WebSite\",\"@id\":\"https:\/\/spic-albert.com\/fr\/#website\",\"url\":\"https:\/\/spic-albert.com\/fr\/\",\"name\":\"Spic et Albert\",\"description\":\"Soci\u00e9t\u00e9 parisienne immobili\u00e8re et commerciale sp\u00e9cialis\u00e9e dans les transactions immobili\u00e8res de maisons de retraite (EHPAD), centres de convalescence et cliniques m\u00e9dicales\",\"potentialAction\":[{\"@type\":\"SearchAction\",\"target\":{\"@type\":\"EntryPoint\",\"urlTemplate\":\"https:\/\/spic-albert.com\/fr\/?s={search_term_string}\"},\"query-input\":\"required name=search_term_string\"}],\"inLanguage\":\"fr-FR\"}]}<\/script>\n<!-- \/ Yoast SEO plugin. -->","yoast_head_json":{"title":"Mentions l\u00e9gales - Spic et Albert","robots":{"index":"index","follow":"follow","max-snippet":"max-snippet:-1","max-image-preview":"max-image-preview:large","max-video-preview":"max-video-preview:-1"},"canonical":"https:\/\/spic-albert.com\/fr\/mentions-legales\/","og_locale":"fr_FR","og_type":"article","og_title":"Mentions l\u00e9gales - Spic et Albert","og_url":"https:\/\/spic-albert.com\/fr\/mentions-legales\/","og_site_name":"Spic et Albert","article_modified_time":"2023-09-04T10:21:53+00:00","twitter_card":"summary_large_image","twitter_misc":{"Dur\u00e9e de lecture estim\u00e9e":"5 minutes"},"schema":{"@context":"https:\/\/schema.org","@graph":[{"@type":"WebPage","@id":"https:\/\/spic-albert.com\/fr\/mentions-legales\/","url":"https:\/\/spic-albert.com\/fr\/mentions-legales\/","name":"Mentions l\u00e9gales - Spic et Albert","isPartOf":{"@id":"https:\/\/spic-albert.com\/fr\/#website"},"datePublished":"2014-06-13T13:02:58+00:00","dateModified":"2023-09-04T10:21:53+00:00","breadcrumb":{"@id":"https:\/\/spic-albert.com\/fr\/mentions-legales\/#breadcrumb"},"inLanguage":"fr-FR","potentialAction":[{"@type":"ReadAction","target":["https:\/\/spic-albert.com\/fr\/mentions-legales\/"]}]},{"@type":"BreadcrumbList","@id":"https:\/\/spic-albert.com\/fr\/mentions-legales\/#breadcrumb","itemListElement":[{"@type":"ListItem","position":1,"name":"Accueil","item":"https:\/\/spic-albert.com\/fr\/"},{"@type":"ListItem","position":2,"name":"Mentions l\u00e9gales"}]},{"@type":"WebSite","@id":"https:\/\/spic-albert.com\/fr\/#website","url":"https:\/\/spic-albert.com\/fr\/","name":"Spic et Albert","description":"Soci\u00e9t\u00e9 parisienne immobili\u00e8re et commerciale sp\u00e9cialis\u00e9e dans les transactions immobili\u00e8res de maisons de retraite (EHPAD), centres de convalescence et cliniques m\u00e9dicales","potentialAction":[{"@type":"SearchAction","target":{"@type":"EntryPoint","urlTemplate":"https:\/\/spic-albert.com\/fr\/?s={search_term_string}"},"query-input":"required name=search_term_string"}],"inLanguage":"fr-FR"}]}},"_links":{"self":[{"href":"https:\/\/spic-albert.com\/fr\/wp-json\/wp\/v2\/pages\/130"}],"collection":[{"href":"https:\/\/spic-albert.com\/fr\/wp-json\/wp\/v2\/pages"}],"about":[{"href":"https:\/\/spic-albert.com\/fr\/wp-json\/wp\/v2\/types\/page"}],"author":[{"embeddable":true,"href":"https:\/\/spic-albert.com\/fr\/wp-json\/wp\/v2\/users\/1"}],"replies":[{"embeddable":true,"href":"https:\/\/spic-albert.com\/fr\/wp-json\/wp\/v2\/comments?post=130"}],"version-history":[{"count":14,"href":"https:\/\/spic-albert.com\/fr\/wp-json\/wp\/v2\/pages\/130\/revisions"}],"predecessor-version":[{"id":2777,"href":"https:\/\/spic-albert.com\/fr\/wp-json\/wp\/v2\/pages\/130\/revisions\/2777"}],"wp:attachment":[{"href":"https:\/\/spic-albert.com\/fr\/wp-json\/wp\/v2\/media?parent=130"}],"curies":[{"name":"wp","href":"https:\/\/api.w.org\/{rel}","templated":true}]}}