{"id":2371,"date":"2018-09-17T10:05:00","date_gmt":"2018-09-17T08:05:00","guid":{"rendered":"https:\/\/spic-albert.com\/de\/?page_id=2371"},"modified":"2021-02-01T16:07:57","modified_gmt":"2021-02-01T15:07:57","slug":"datenschutzerklaerung","status":"publish","type":"page","link":"https:\/\/spic-albert.com\/de\/datenschutzerklaerung\/","title":{"rendered":"Datenschutzerkl\u00e4rung"},"content":{"rendered":"<div id='av_section_1'  class='avia-section main_color avia-section-default avia-no-border-styling  avia-bg-style-scroll  avia-builder-el-0  el_before_av_section  avia-builder-el-first   av-small-hide av-mini-hide av-minimum-height av-minimum-height-75  container_wrap fullsize' style='background-color: #f1f1f1; background-repeat: no-repeat; background-image: url(https:\/\/spic-albert.com\/de\/wp-content\/uploads\/sites\/2\/2021\/01\/spic-et-albert-background-logo-de-1.jpg);background-attachment: scroll; background-position: top center;  '  data-section-bg-repeat='no-repeat' data-av_minimum_height_pc='75'><div class='container' ><main  role=\"main\" itemprop=\"mainContentOfPage\"  class='template-page content  av-content-full alpha units'><div class='post-entry post-entry-type-page post-entry-2371'><div class='entry-content-wrapper clearfix'>\n<\/div><\/div><\/main><!-- close content main element --><\/div><div class='av-extra-border-element border-extra-diagonal border-extra-diagonal-inverse '><div class='av-extra-border-outer'><div class='av-extra-border-inner'  style='background-color:#f1f1f1;' ><\/div><\/div><\/div><\/div><div id='av_section_2'  class='avia-section main_color avia-section-default avia-no-border-styling  avia-bg-style-scroll  avia-builder-el-1  el_after_av_section  avia-builder-el-last   container_wrap fullsize' style='background-color: #f1f1f1;  '  ><div class='container' ><div class='template-page content  av-content-full alpha units'><div class='post-entry post-entry-type-page post-entry-2371'><div class='entry-content-wrapper clearfix'>\n<section class=\"av_textblock_section \"  itemscope=\"itemscope\" itemtype=\"https:\/\/schema.org\/CreativeWork\" ><div class='avia_textblock  '   itemprop=\"text\" ><h2>Datenschutzerkl\u00e4rung<\/h2>\n<h3><strong>Einf\u00fchrung<\/strong><\/h3>\n<p>Diese Datenschutzerkl\u00e4rung soll Sie \u00fcber die Bedingungen, unter denen wir personenbezogene Daten erheben, die Zwecke, f\u00fcr die sie erhoben werden, die Art und Weise ihrer Verwendung und Ihre Rechte informieren. Sie gilt f\u00fcr alle Informationen, die von Ihnen bereitgestellt oder von der Website gesammelt werden, w\u00e4hrend Sie surfen.<\/p>\n<p>Sie erg\u00e4nzt die rechtlichen Hinweise und allgemeinen Nutzungsbedingungen der Website.<\/p>\n<p>Wenn Sie die Website besuchen, werden personenbezogene Daten in zwei Kategorien erfasst:<\/p>\n<ul>\n<li>personenbezogene Daten, wie z.B. Ihren Zivilstand und Ihre E-Mail-Adresse.<\/li>\n<li>elektronische Identifikationsdaten, die auf oder von Ihrem Computer verf\u00fcgbar sind (z.B. &#8222;Cookies&#8220; oder &#8222;IP-Adressen&#8220;). Ihre elektronischen Identifikationsdaten k\u00f6nnen Ihr Anschlussterminal oder die w\u00e4hrend der Navigation auf der Website konsultierten Seiten identifizieren oder geolokalisieren (ohne genauer als die Stadt zu sein) und sind im Allgemeinen allein nicht ausreichend, um Sie namentlich zu identifizieren.<\/li>\n<\/ul>\n<h2><strong>Wer sind wir?<\/strong><\/h2>\n<p>Die Adresse unserer Website lautet: https:\/\/spic-albert.de<\/p>\n<p>S.P.I.C. und Albert, 55, Boulevard de S\u00e9bastopol, 75001 Paris.<\/p>\n<p>S.A.S. mit einem Kapital von 54 250 \u20ac.<\/p>\n<p>R.C. Paris B 562 025 007 &#8211; Siret 562 025 007 00047<\/p>\n<p>Tel. 01.42.33.62.62.67<\/p>\n<p>Die Website spic-albert.com verwendet ein Sicherheitszertifikat und wird auf Servern in Frankreich gehostet. Die Datenbanken sind bei unserem OVH-Hostingunternehmen, 2 rue Kellermann, 59100 Roubaix, Frankreich, gesch\u00fctzt.<\/p>\n<h2><strong>Verwendung der erhobenen personenbezogenen Daten<\/strong><\/h2>\n<h3><strong>Kontaktformulare f\u00fcr die Kontaktaufnahme<\/strong><\/h3>\n<p>Wir erfassen die folgenden Informationen, wenn Sie das Kontaktformular ausf\u00fcllen:<\/p>\n<ul>\n<li>Ihr Name<\/li>\n<li>Ihr Vorname<\/li>\n<li>Ihre E-Mail-Adresse<\/li>\n<li>Ihre Telefonnummer (optional)<\/li>\n<li>den Betreff Ihrer Anfrage und Ihre Nachricht<\/li>\n<\/ul>\n<p>Diese Informationen erm\u00f6glichen es uns, Ihre Anfrage so effizient wie m\u00f6glich zu beantworten und werden nur zu diesem Zweck verwendet. Sie werden w\u00e4hrend unserer Gesch\u00e4ftsbeziehung aufbewahrt.<\/p>\n<h3><strong>Cookies<\/strong><\/h3>\n<p>Cookies sind kleine Textdateien, die von Websites verwendet werden k\u00f6nnen, um die Benutzerfreundlichkeit zu erh\u00f6hen.<\/p>\n<p>Diese Seite verwendet keine Cookies.<\/p>\n<h3><strong>Statistiken und Publikumsmessungen<\/strong><\/h3>\n<p>Wir sammeln Statistiken \u00fcber den Besuch der Website von unserem Provider Google. Die gesammelten Informationen erlauben es uns nicht, Personen zu identifizieren, insbesondere geografische Informationen, Seitenaufrufverhalten und Material, das zum Besuch der Website verwendet wird.<\/p>\n<p>Diese Daten erm\u00f6glichen es uns, Ihre Erfahrungen als Nutzer der Website zu verbessern.<\/p>\n<h2><strong>\u00dcbermittlung Ihrer personenbezogenen Daten<\/strong><\/h2>\n<p>In keinem Fall werden Ihre personenbezogenen Daten an Dritte weitergegeben, \u00fcbertragen, verkauft oder weitergegeben. SPIC &amp; Albert war schon immer um die Vertraulichkeit der verarbeiteten Dateien besorgt.<\/p>\n<h2><strong>Kontaktinformationen<\/strong><\/h2>\n<p>Bei Fragen zum Datenschutz <a href=\"https:\/\/spic-albert.com\/de\/kontakt-spic-und-albert-deutschland\/\">wenden Sie sich bitte an SPIC &amp; Albert<\/a>.<\/p>\n<h2><strong>Gesetze und Vorschriften<\/strong><\/h2>\n<p>SPIC &amp; Albert verpflichten sich, die gesetzlichen Bestimmungen der RGPD (General Data Protection Regulations) einzuhalten, die auf der <a href=\"https:\/\/www.cnil.fr\/fr\/reglement-europeen-protection-donnees\">CNIL-Website<\/a> einzusehen sind.<\/p>\n<\/div><\/section>\n\n","protected":false},"excerpt":{"rendered":"","protected":false},"author":1,"featured_media":0,"parent":0,"menu_order":0,"comment_status":"closed","ping_status":"closed","template":"","meta":{"footnotes":""},"yoast_head":"<!-- This site is optimized with the Yoast SEO plugin v21.1 - https:\/\/yoast.com\/wordpress\/plugins\/seo\/ -->\n<title>Datenschutzerkl\u00e4rung - Spic &amp; Albert<\/title>\n<meta name=\"robots\" content=\"index, follow, max-snippet:-1, max-image-preview:large, max-video-preview:-1\" \/>\n<link rel=\"canonical\" href=\"https:\/\/spic-albert.com\/de\/datenschutzerklaerung\/\" \/>\n<meta property=\"og:locale\" content=\"de_DE\" \/>\n<meta property=\"og:type\" content=\"article\" \/>\n<meta property=\"og:title\" content=\"Datenschutzerkl\u00e4rung - Spic &amp; Albert\" \/>\n<meta property=\"og:url\" content=\"https:\/\/spic-albert.com\/de\/datenschutzerklaerung\/\" \/>\n<meta property=\"og:site_name\" content=\"Spic &amp; Albert\" \/>\n<meta property=\"article:modified_time\" content=\"2021-02-01T15:07:57+00:00\" \/>\n<meta name=\"twitter:card\" content=\"summary_large_image\" \/>\n<meta name=\"twitter:label1\" content=\"Gesch\u00e4tzte Lesezeit\" \/>\n\t<meta name=\"twitter:data1\" content=\"4\u00a0Minuten\" \/>\n<script type=\"application\/ld+json\" class=\"yoast-schema-graph\">{\"@context\":\"https:\/\/schema.org\",\"@graph\":[{\"@type\":\"WebPage\",\"@id\":\"https:\/\/spic-albert.com\/de\/datenschutzerklaerung\/\",\"url\":\"https:\/\/spic-albert.com\/de\/datenschutzerklaerung\/\",\"name\":\"Datenschutzerkl\u00e4rung - Spic &amp; Albert\",\"isPartOf\":{\"@id\":\"https:\/\/spic-albert.com\/de\/#website\"},\"datePublished\":\"2018-09-17T08:05:00+00:00\",\"dateModified\":\"2021-02-01T15:07:57+00:00\",\"breadcrumb\":{\"@id\":\"https:\/\/spic-albert.com\/de\/datenschutzerklaerung\/#breadcrumb\"},\"inLanguage\":\"de\",\"potentialAction\":[{\"@type\":\"ReadAction\",\"target\":[\"https:\/\/spic-albert.com\/de\/datenschutzerklaerung\/\"]}]},{\"@type\":\"BreadcrumbList\",\"@id\":\"https:\/\/spic-albert.com\/de\/datenschutzerklaerung\/#breadcrumb\",\"itemListElement\":[{\"@type\":\"ListItem\",\"position\":1,\"name\":\"Accueil\",\"item\":\"https:\/\/spic-albert.com\/de\/\"},{\"@type\":\"ListItem\",\"position\":2,\"name\":\"Datenschutzerkl\u00e4rung\"}]},{\"@type\":\"WebSite\",\"@id\":\"https:\/\/spic-albert.com\/de\/#website\",\"url\":\"https:\/\/spic-albert.com\/de\/\",\"name\":\"Spic &amp; Albert\",\"description\":\"Spezialmakler f\u00fcr Altenheime, Pflegeheime und Rehabilitationseinrichtungen\",\"potentialAction\":[{\"@type\":\"SearchAction\",\"target\":{\"@type\":\"EntryPoint\",\"urlTemplate\":\"https:\/\/spic-albert.com\/de\/?s={search_term_string}\"},\"query-input\":\"required name=search_term_string\"}],\"inLanguage\":\"de\"}]}<\/script>\n<!-- \/ Yoast SEO plugin. -->","yoast_head_json":{"title":"Datenschutzerkl\u00e4rung - Spic &amp; Albert","robots":{"index":"index","follow":"follow","max-snippet":"max-snippet:-1","max-image-preview":"max-image-preview:large","max-video-preview":"max-video-preview:-1"},"canonical":"https:\/\/spic-albert.com\/de\/datenschutzerklaerung\/","og_locale":"de_DE","og_type":"article","og_title":"Datenschutzerkl\u00e4rung - Spic &amp; Albert","og_url":"https:\/\/spic-albert.com\/de\/datenschutzerklaerung\/","og_site_name":"Spic &amp; Albert","article_modified_time":"2021-02-01T15:07:57+00:00","twitter_card":"summary_large_image","twitter_misc":{"Gesch\u00e4tzte Lesezeit":"4\u00a0Minuten"},"schema":{"@context":"https:\/\/schema.org","@graph":[{"@type":"WebPage","@id":"https:\/\/spic-albert.com\/de\/datenschutzerklaerung\/","url":"https:\/\/spic-albert.com\/de\/datenschutzerklaerung\/","name":"Datenschutzerkl\u00e4rung - Spic &amp; Albert","isPartOf":{"@id":"https:\/\/spic-albert.com\/de\/#website"},"datePublished":"2018-09-17T08:05:00+00:00","dateModified":"2021-02-01T15:07:57+00:00","breadcrumb":{"@id":"https:\/\/spic-albert.com\/de\/datenschutzerklaerung\/#breadcrumb"},"inLanguage":"de","potentialAction":[{"@type":"ReadAction","target":["https:\/\/spic-albert.com\/de\/datenschutzerklaerung\/"]}]},{"@type":"BreadcrumbList","@id":"https:\/\/spic-albert.com\/de\/datenschutzerklaerung\/#breadcrumb","itemListElement":[{"@type":"ListItem","position":1,"name":"Accueil","item":"https:\/\/spic-albert.com\/de\/"},{"@type":"ListItem","position":2,"name":"Datenschutzerkl\u00e4rung"}]},{"@type":"WebSite","@id":"https:\/\/spic-albert.com\/de\/#website","url":"https:\/\/spic-albert.com\/de\/","name":"Spic &amp; Albert","description":"Spezialmakler f\u00fcr Altenheime, Pflegeheime und Rehabilitationseinrichtungen","potentialAction":[{"@type":"SearchAction","target":{"@type":"EntryPoint","urlTemplate":"https:\/\/spic-albert.com\/de\/?s={search_term_string}"},"query-input":"required name=search_term_string"}],"inLanguage":"de"}]}},"_links":{"self":[{"href":"https:\/\/spic-albert.com\/de\/wp-json\/wp\/v2\/pages\/2371"}],"collection":[{"href":"https:\/\/spic-albert.com\/de\/wp-json\/wp\/v2\/pages"}],"about":[{"href":"https:\/\/spic-albert.com\/de\/wp-json\/wp\/v2\/types\/page"}],"author":[{"embeddable":true,"href":"https:\/\/spic-albert.com\/de\/wp-json\/wp\/v2\/users\/1"}],"replies":[{"embeddable":true,"href":"https:\/\/spic-albert.com\/de\/wp-json\/wp\/v2\/comments?post=2371"}],"version-history":[{"count":7,"href":"https:\/\/spic-albert.com\/de\/wp-json\/wp\/v2\/pages\/2371\/revisions"}],"predecessor-version":[{"id":2509,"href":"https:\/\/spic-albert.com\/de\/wp-json\/wp\/v2\/pages\/2371\/revisions\/2509"}],"wp:attachment":[{"href":"https:\/\/spic-albert.com\/de\/wp-json\/wp\/v2\/media?parent=2371"}],"curies":[{"name":"wp","href":"https:\/\/api.w.org\/{rel}","templated":true}]}}