{"id":2235,"date":"2015-04-28T12:30:47","date_gmt":"2015-04-28T11:30:47","guid":{"rendered":"http:\/\/www.spic-albert.com\/?page_id=2235"},"modified":"2022-03-24T11:21:24","modified_gmt":"2022-03-24T10:21:24","slug":"spic-albert","status":"publish","type":"page","link":"https:\/\/spic-albert.com\/de\/","title":{"rendered":"SPIC &amp; ALBERT"},"content":{"rendered":"<div id='av_section_1'  class='avia-section main_color avia-section-default avia-no-border-styling  avia-bg-style-scroll  avia-builder-el-0  el_before_av_section  avia-builder-el-first   av-small-hide av-mini-hide av-minimum-height av-minimum-height-75  container_wrap fullsize' style='background-color: #f1f1f1; background-repeat: no-repeat; background-image: url(https:\/\/spic-albert.com\/de\/wp-content\/uploads\/sites\/2\/2021\/01\/spic-et-albert-background-logo-de-1.jpg);background-attachment: scroll; background-position: top center;  '  data-section-bg-repeat='no-repeat' data-av_minimum_height_pc='75'><div class='container' ><main  role=\"main\" itemprop=\"mainContentOfPage\"  class='template-page content  av-content-full alpha units'><div class='post-entry post-entry-type-page post-entry-2235'><div class='entry-content-wrapper clearfix'>\n<\/div><\/div><\/main><!-- close content main element --><\/div><div class='av-extra-border-element border-extra-diagonal border-extra-diagonal-inverse '><div class='av-extra-border-outer'><div class='av-extra-border-inner'  style='background-color:#f1f1f1;' ><\/div><\/div><\/div><\/div><div id='av_section_2'  class='avia-section main_color avia-section-default avia-no-border-styling  avia-bg-style-scroll  avia-builder-el-1  el_after_av_section  el_before_av_layout_row   container_wrap fullsize' style='background-color: #f1f1f1;  '  ><div class='container' ><div class='template-page content  av-content-full alpha units'><div class='post-entry post-entry-type-page post-entry-2235'><div class='entry-content-wrapper clearfix'>\n<div class=\"flex_column av_two_third  flex_column_div av-zero-column-padding first  avia-builder-el-2  el_before_av_one_third  avia-builder-el-first  \" style='border-radius:0px; '><section class=\"av_textblock_section \"  itemscope=\"itemscope\" itemtype=\"https:\/\/schema.org\/CreativeWork\" ><div class='avia_textblock  '   itemprop=\"text\" ><h2>Spic &amp; Albert ist in den Alten- und Pflegeheimen-Transaktionen spezialisiert<\/h2>\n<blockquote>\n<p>Als Spezialmakler sind wir f\u00fcr Sie da beim An-und Verkauf von Alten-und Pflegeeinrichtungen (dazu auch Betreutes Wohnen, Seniorenresidenzen, Rehabilitationseinrichtungen, \u2026).<\/p>\n<\/blockquote>\n<p>Jean-Etienne de Becdeli\u00e8vre, unmittelbar nach dem Abschlu\u00df seines fr.\u00a0Masters in Privatrechtwissenschaft (<em>Fachwesen Wirtschafts u. Steuerrecht<\/em>), gefolgt von einem fr. Master 2 in Unternehmensf\u00fchrung, trat bei der Firma ein. Seit 1990 ist er eng mit der Entwicklung von Spic et Albert verbunden worden. Er hat mit dem ehemaligen Aktion\u00e4r, einem in Frankreich ans\u00e4ssigen schottischer Stammung Briten Namens Malcom Croydon, dazu beigetragen, zahlreiche Transaktionen sowohl f\u00fcr die Betriebs\u00fcbernahme als (und\/oder) f\u00fcr die Immobilie im Pflegeheimmarkt zu erwirtschaften.\u00a0Seit 2012 Vorstandsvorsitzender der Spic et Albert SAS\u00a0(*)\u00a0beschlo\u00df Jean-Etienne de Becdeli\u00e8vre bereits 2014 den Start von Spic &amp; Albert auf dem deutschen Markt.<\/p>\n<p><span style=\"color: #999999\"><em>(*) SAS : Soci\u00e9t\u00e9 Anonyme Simplifi\u00e9e (France)<\/em><\/span><\/p>\n<\/div><\/section><\/div><div class=\"flex_column av_one_third  flex_column_div av-zero-column-padding   avia-builder-el-4  el_after_av_two_third  avia-builder-el-last  \" style='border-radius:0px; '><div  class='avia-image-container  av-styling-circle    avia-builder-el-5  avia-builder-el-no-sibling  avia-align-center '  itemprop=\"image\" itemscope=\"itemscope\" itemtype=\"https:\/\/schema.org\/ImageObject\"  ><div class='avia-image-container-inner'><div class='avia-image-overlay-wrap'><img decoding=\"async\" class='wp-image-2431 avia-img-lazy-loading-not-2431 avia_image' src=\"https:\/\/spic-albert.com\/de\/wp-content\/uploads\/sites\/2\/2021\/01\/A8451418-e1611757619145.jpg\" alt='' title='Jean-Etienne de Becdeli\u00e8vre' height=\"865\" width=\"865\"  itemprop=\"thumbnailUrl\" srcset=\"https:\/\/spic-albert.com\/de\/wp-content\/uploads\/sites\/2\/2021\/01\/A8451418-e1611757619145.jpg 865w, https:\/\/spic-albert.com\/de\/wp-content\/uploads\/sites\/2\/2021\/01\/A8451418-e1611757619145-300x300.jpg 300w, https:\/\/spic-albert.com\/de\/wp-content\/uploads\/sites\/2\/2021\/01\/A8451418-e1611757619145-80x80.jpg 80w, https:\/\/spic-albert.com\/de\/wp-content\/uploads\/sites\/2\/2021\/01\/A8451418-e1611757619145-768x768.jpg 768w, https:\/\/spic-albert.com\/de\/wp-content\/uploads\/sites\/2\/2021\/01\/A8451418-e1611757619145-36x36.jpg 36w, https:\/\/spic-albert.com\/de\/wp-content\/uploads\/sites\/2\/2021\/01\/A8451418-e1611757619145-180x180.jpg 180w, https:\/\/spic-albert.com\/de\/wp-content\/uploads\/sites\/2\/2021\/01\/A8451418-e1611757619145-705x705.jpg 705w\" sizes=\"(max-width: 865px) 100vw, 865px\" \/><\/div><\/div><\/div><\/div>\n\n<\/div><\/div><\/div><!-- close content main div --><\/div><\/div><div id='av-layout-grid-1'  class='av-layout-grid-container entry-content-wrapper main_color av-flex-cells     avia-builder-el-6  el_after_av_section  el_before_av_section  submenu-not-first container_wrap fullsize' style=' '  >\n<div class=\"flex_cell no_margin av_one_half  avia-builder-el-7  el_before_av_cell_one_half  avia-builder-el-first   \"  style='background: #f9a70e; vertical-align:top; padding:30px 30px 30px 100px ; background-color:#f9a70e; ' ><div class='flex_cell_inner' ><section class=\"av_textblock_section \"  itemscope=\"itemscope\" itemtype=\"https:\/\/schema.org\/CreativeWork\" ><div class='avia_textblock  '   itemprop=\"text\" ><h2>Vertrauensw\u00fcrdiger Makler seit 1946 in Frankreich<\/h2>\n<p>Seit 1946, als vertrauensw\u00fcrdiger Makler, t\u00e4tigt Spic et Albert<strong>\u00a0<\/strong>Hunderte von Gesch\u00e4ften auf dem franz\u00f6sischen Markt, in einem gesamten Transaktionsvolumen\u00a0von mehreren Hunderten Millionen Euro,\u00a0aktiv und voller Verschwiegenheit f\u00fcr reibungslose Abla\u00fcfe der Gesch\u00e4fte mitwirkend,\u00a0eine sehr spitze und wertvolle Kenntnis des Alten- und Pflegeheim- sowie Seniorenresidenzenmarktes\u00a0ansammelnd.\u00a0Der Gro\u00dfteil der franz\u00f6sischen Pflegeheimbetreiber wickelte eine Ver\u00e4u\u00dferung mit Spic &amp; Albert ab.<\/p>\n<p>Dies zeigt sich \u00fcberwiegend noch darin, da\u00df die Ank\u00e4ufer der fr. Top 50-Pflegeheimbetreiber &#8211;\u00a0<em>sehr anspruchsvoll in ihrer Auswahlkriterien eines vertrauensvollen Vermittlungspartners\u00a0<\/em>&#8211; einen Erwerb durch Spic et Albert abgeschlossen haben. Diese Ank\u00e4ufer halten Spic &amp; Albert f\u00fcr den Bezugsmakler in puncto Transaktionen.<\/p>\n<\/div><\/section>\n<\/div><\/div><div class=\"flex_cell no_margin av_one_half  avia-builder-el-9  el_after_av_cell_one_half  avia-builder-el-last   \"  style='background: #f9c128; vertical-align:top; padding:30px 100px 30px 30px ; background-color:#f9c128; ' ><div class='flex_cell_inner' ><section class=\"av_textblock_section \"  itemscope=\"itemscope\" itemtype=\"https:\/\/schema.org\/CreativeWork\" ><div class='avia_textblock  '   itemprop=\"text\" ><h2>Effizienz ist unser bestes Argument f\u00fcr Sie<\/h2>\n<p><strong>\u00a0<\/strong>Unser Trumpf, um 100\u00a0% wirkungsvoll, insbesondere auf dem deutschen Markt, vorzugehen, liegt in der Verschwiegenheit. Voll und ganz.<\/p>\n<p>Mithin werden unsere Gesch\u00e4ftsergebnisse nicht auf unserer Internetseite ver\u00f6ffentlicht. Um diese zu erhalten, nehmen Sie bitte Kontakt mit uns auf, indem sie das folgende Kontaktformular ausf\u00fcllen. Unser\u00a0<em>Dipl. Betriebswirt<\/em>\u00a0Marc Duclos, Gebietsleiter DACH, beantwortet sehr gern Ihre Fragen.<\/p>\n<\/div><\/section><br \/>\n<div  class='avia-button-wrap avia-button-left  avia-builder-el-11  el_after_av_textblock  el_before_av_textblock ' ><a href='https:\/\/spic-albert.com\/de\/kontakt-spic-und-albert-deutschland\/'  class='avia-button   avia-icon_select-no avia-size-large avia-position-left '  style='background-color:#ed121f; border-color:#ed121f; color:#ffffff; ' ><span class='avia_iconbox_title' >Kontaktaufnahme<\/span><span class='avia_button_background avia-button avia-color-custom' style='background-color:#af0000;'><\/span><\/a><\/div><br \/>\n<section class=\"av_textblock_section \"  id=\"encadre\"  itemscope=\"itemscope\" itemtype=\"https:\/\/schema.org\/CreativeWork\" ><div class='avia_textblock  '   itemprop=\"text\" ><p style=\"padding: 20px 10px;font-size: 18px;border: solid 1px;text-align: center\"><strong><em>Seit 1946, unentbehrlich auf dem Markt<\/em><\/strong><\/p>\n<\/div><\/section><\/p>\n<\/div><\/div><\/div><div id='av_section_3'  class='avia-section main_color avia-section-default avia-no-border-styling  avia-bg-style-scroll  avia-builder-el-13  el_after_av_layout_row  avia-builder-el-last   container_wrap fullsize' style=' '  ><div class='container' ><div class='template-page content  av-content-full alpha units'><div class='post-entry post-entry-type-page post-entry-2235'><div class='entry-content-wrapper clearfix'>\n<div class=\"flex_column av_two_third  flex_column_div av-zero-column-padding first  avia-builder-el-14  el_before_av_one_third  avia-builder-el-first  \" style='border-radius:0px; '><section class=\"av_textblock_section \"  itemscope=\"itemscope\" itemtype=\"https:\/\/schema.org\/CreativeWork\" ><div class='avia_textblock  '   itemprop=\"text\" ><h2><strong>Spic &amp; Albert, pr\u00e4sent seit 2014 in Deutschland<\/strong><\/h2>\n<blockquote>\n<p>Wir sind seit 2014 auf dem deutschen Markt ans\u00e4ssig, in K\u00f6ln, Worringer Stra\u00dfe 30.<\/p>\n<\/blockquote>\n<p><strong>Investoren,\u00a0<\/strong>Ank\u00e4ufer, Sie finden Ausk\u00fcnfte \u00fcber unsere zum Verkauf angebotene Objekte, indem Sie die\u00a0<a href=\"https:\/\/spic-albert.com\/de\/kontakt-spic-und-albert-deutschland\/\">Kontaktaufnahme<\/a>\u00a0ausf\u00fcllen.<\/p>\n<p><strong>Verk\u00e4ufer<\/strong>, indem Sie &#8211;<em>\u00a0unverbindlich<\/em>\u00a0und kostenfrei -die\u00a0<a href=\"https:\/\/spic-albert.com\/de\/kontakt-spic-und-albert-deutschland\/\">Kontaktaufnahme\u00a0<\/a>ausf\u00fcllen, werden wir Ihre Fragen beantworten, unter denen folgende FAQ wie \u00ab Wie mein Betrieb bzw. mein Immobilien-Objekt vera\u00fc\u00dfern ? Wieviel Wert ist es ? Wie wird es bewertet ? Wie lange k\u00f6nnte der Vera\u00fc\u00dferungsprozess dauern ? Wann soll ich dementsprechend mit Spic &amp; Albert Kontakt aufnehmen ? Welche pr\u00e4zise Verkaufskriterien sollten ber\u00fccksichtigt werden, seitens Ank\u00e4ufer, je nach der potentiellen K\u00e4ufern ? usw \u2026 \u00bb und\/oder pers\u00f6nlichere Fragen, die wir bestimmt beantworten k\u00f6nnten.<\/p>\n<p><strong>Ein Verkauf wird vorbereitet ; nehmen Sie das weitaus vor dem Projektbeginn in Betracht.<\/strong><\/p>\n<p><strong>Wir sind da, um Sie zur besten Erf\u00fcllung jenes Lebensprojekts zu unterst\u00fctzen.<\/strong><\/p>\n<\/div><\/section><br \/>\n<div  class='avia-button-wrap avia-button-left  avia-builder-el-16  el_after_av_textblock  el_before_av_textblock ' ><a href='https:\/\/spic-albert.com\/de\/kontakt-spic-und-albert-deutschland\/'  class='avia-button   avia-icon_select-no avia-size-large avia-position-left '  style='background-color:#ed121f; border-color:#ed121f; color:#ffffff; ' ><span class='avia_iconbox_title' >Kontaktaufnahme<\/span><span class='avia_button_background avia-button avia-color-custom' style='background-color:#af0000;'><\/span><\/a><\/div><br \/>\n<section class=\"av_textblock_section \"  itemscope=\"itemscope\" itemtype=\"https:\/\/schema.org\/CreativeWork\" ><div class='avia_textblock  '   itemprop=\"text\" ><p>ALTENPFLEGE Leitmesse 2022 in ESSEN\u00a0 26. &#8211; 28. April : Halle 7 Stand B28<\/p>\n<p>Um Ihnen gerne Antworten \u00fcber Preise und Verkaufs-\/Ankaufsprozesse von Seniorenrezidenzen, betreutem Wohnen, Alten-und Pflegeheimen zu geben, sind wir anwesend\u00a0 Halle 7 Stand B28<\/p>\n<\/div><\/section><br \/>\n<div   class=\"togglecontainer  av-minimal-toggle toggle_close_all  avia-builder-el-18  el_after_av_textblock  avia-builder-el-last \" >\n<section class=\"av_toggle_section\"  itemscope=\"itemscope\" itemtype=\"https:\/\/schema.org\/CreativeWork\"  >    <div role=\"tablist\" class=\"single_toggle\" data-tags=\"{Alle} \"  >        <p data-fake-id=\"#toggle-id-1\" class=\"toggler  hasCustomColor av-inherit-font-color \"  itemprop=\"headline\"  style='background-color: #ffffff; color: #7bb0e7; '  role=\"tab\" tabindex=\"0\" aria-controls=\"toggle-id-1\">Bl\u00e4ttern Sie unseren viertelj\u00e4hrlichen Newsletter durch<span class=\"toggle_icon\" style='border-color:#7bb0e7;'>        <span class=\"vert_icon\"><\/span><span class=\"hor_icon\"><\/span><\/span><\/p>        <div id=\"toggle-id-1\" class=\"toggle_wrap \"   >            <div class=\"toggle_content invers-color  av-inherit-font-color \"  itemprop=\"text\"  style='background-color: #ffffff; color: #7bb0e7; ' ><p>(bald : erste Ver\u00f6ffentlichung am 15.03.2020)<\/p>\n            <\/div>        <\/div>    <\/div><\/section>\n<\/div><\/p><\/div><div class=\"flex_column av_one_third  flex_column_div av-zero-column-padding   avia-builder-el-19  el_after_av_two_third  avia-builder-el-last  \" style='border-radius:0px; '><section class=\"av_textblock_section \"  itemscope=\"itemscope\" itemtype=\"https:\/\/schema.org\/CreativeWork\" ><div class='avia_textblock  '   itemprop=\"text\" ><p style=\"text-align: center\"><strong>Marc Duclos<\/strong><br \/>\nTelefon: 0221 677 88 72 19<br \/>\nMobile: 0178 311 13 32<\/p>\n<\/div><\/section><br \/>\n<div  class='avia-image-container avia_animated_image avia_animate_when_almost_visible av-rotateIn av-styling-circle    avia-builder-el-21  el_after_av_textblock  el_before_av_textblock  avia-align-center '  itemprop=\"image\" itemscope=\"itemscope\" itemtype=\"https:\/\/schema.org\/ImageObject\"  ><div class='avia-image-container-inner'><div class='avia-image-overlay-wrap'><img decoding=\"async\" class='wp-image-2442 avia-img-lazy-loading-not-2442 avia_image' src=\"https:\/\/spic-albert.com\/de\/wp-content\/uploads\/sites\/2\/2021\/01\/photo-Marc_Duclos-web-e1611760261643.jpg\" alt='Marc Duclos' title='photo-Marc_Duclos-web' height=\"200\" width=\"200\"  itemprop=\"thumbnailUrl\" srcset=\"https:\/\/spic-albert.com\/de\/wp-content\/uploads\/sites\/2\/2021\/01\/photo-Marc_Duclos-web-e1611760261643.jpg 200w, https:\/\/spic-albert.com\/de\/wp-content\/uploads\/sites\/2\/2021\/01\/photo-Marc_Duclos-web-e1611760261643-80x80.jpg 80w, https:\/\/spic-albert.com\/de\/wp-content\/uploads\/sites\/2\/2021\/01\/photo-Marc_Duclos-web-e1611760261643-36x36.jpg 36w, https:\/\/spic-albert.com\/de\/wp-content\/uploads\/sites\/2\/2021\/01\/photo-Marc_Duclos-web-e1611760261643-180x180.jpg 180w\" sizes=\"(max-width: 200px) 100vw, 200px\" \/><\/div><\/div><\/div><br \/>\n<section class=\"av_textblock_section \"  id=\"encadre\"  itemscope=\"itemscope\" itemtype=\"https:\/\/schema.org\/CreativeWork\" ><div class='avia_textblock  '   itemprop=\"text\" ><p style=\"padding: 20px 10px;font-size: 18px;border: solid 1px;text-align: center\"><em><strong>Seit 2014 auf dem deutschen Markt<\/strong><\/em><\/p>\n<\/div><\/section><\/p><\/div><\/p>\n","protected":false},"excerpt":{"rendered":"","protected":false},"author":1,"featured_media":0,"parent":0,"menu_order":0,"comment_status":"open","ping_status":"open","template":"","meta":{"footnotes":""},"yoast_head":"<!-- This site is optimized with the Yoast SEO plugin v21.1 - https:\/\/yoast.com\/wordpress\/plugins\/seo\/ -->\n<title>SPIC &amp; ALBERT SPEZIALMAKLER F\u00dcR ALTENHEIME, PFLEGEHEIME..<\/title>\n<meta name=\"description\" content=\"Ihr Spezialmakler f\u00fcr Altenheime, Pflegeheime und Rehabilitationseinrichtungen. Ver\u00e4u\u00dferung und Erwerb von Pflegeeinrichtungen, Bestandsimmobilien...\" \/>\n<meta name=\"robots\" content=\"index, follow, max-snippet:-1, max-image-preview:large, max-video-preview:-1\" \/>\n<link rel=\"canonical\" href=\"https:\/\/spic-albert.com\/de\/\" \/>\n<meta property=\"og:locale\" content=\"de_DE\" \/>\n<meta property=\"og:type\" content=\"article\" \/>\n<meta property=\"og:title\" content=\"SPIC &amp; ALBERT SPEZIALMAKLER F\u00dcR ALTENHEIME, PFLEGEHEIME..\" \/>\n<meta property=\"og:description\" content=\"Ihr Spezialmakler f\u00fcr Altenheime, Pflegeheime und Rehabilitationseinrichtungen. Ver\u00e4u\u00dferung und Erwerb von Pflegeeinrichtungen, Bestandsimmobilien...\" \/>\n<meta property=\"og:url\" content=\"https:\/\/spic-albert.com\/de\/\" \/>\n<meta property=\"og:site_name\" content=\"Spic &amp; Albert\" \/>\n<meta property=\"article:modified_time\" content=\"2022-03-24T10:21:24+00:00\" \/>\n<meta name=\"twitter:card\" content=\"summary_large_image\" \/>\n<meta name=\"twitter:label1\" content=\"Gesch\u00e4tzte Lesezeit\" \/>\n\t<meta name=\"twitter:data1\" content=\"5\u00a0Minuten\" \/>\n<script type=\"application\/ld+json\" class=\"yoast-schema-graph\">{\"@context\":\"https:\/\/schema.org\",\"@graph\":[{\"@type\":\"WebPage\",\"@id\":\"https:\/\/spic-albert.com\/de\/\",\"url\":\"https:\/\/spic-albert.com\/de\/\",\"name\":\"SPIC & ALBERT SPEZIALMAKLER F\u00dcR ALTENHEIME, PFLEGEHEIME..\",\"isPartOf\":{\"@id\":\"https:\/\/spic-albert.com\/de\/#website\"},\"datePublished\":\"2015-04-28T11:30:47+00:00\",\"dateModified\":\"2022-03-24T10:21:24+00:00\",\"description\":\"Ihr Spezialmakler f\u00fcr Altenheime, Pflegeheime und Rehabilitationseinrichtungen. Ver\u00e4u\u00dferung und Erwerb von Pflegeeinrichtungen, Bestandsimmobilien...\",\"breadcrumb\":{\"@id\":\"https:\/\/spic-albert.com\/de\/#breadcrumb\"},\"inLanguage\":\"de\",\"potentialAction\":[{\"@type\":\"ReadAction\",\"target\":[\"https:\/\/spic-albert.com\/de\/\"]}]},{\"@type\":\"BreadcrumbList\",\"@id\":\"https:\/\/spic-albert.com\/de\/#breadcrumb\",\"itemListElement\":[{\"@type\":\"ListItem\",\"position\":1,\"name\":\"Accueil\",\"item\":\"https:\/\/spic-albert.com\/de\/\"},{\"@type\":\"ListItem\",\"position\":2,\"name\":\"SPIC &amp; ALBERT\"}]},{\"@type\":\"WebSite\",\"@id\":\"https:\/\/spic-albert.com\/de\/#website\",\"url\":\"https:\/\/spic-albert.com\/de\/\",\"name\":\"Spic &amp; Albert\",\"description\":\"Spezialmakler f\u00fcr Altenheime, Pflegeheime und Rehabilitationseinrichtungen\",\"potentialAction\":[{\"@type\":\"SearchAction\",\"target\":{\"@type\":\"EntryPoint\",\"urlTemplate\":\"https:\/\/spic-albert.com\/de\/?s={search_term_string}\"},\"query-input\":\"required name=search_term_string\"}],\"inLanguage\":\"de\"}]}<\/script>\n<!-- \/ Yoast SEO plugin. -->","yoast_head_json":{"title":"SPIC & ALBERT SPEZIALMAKLER F\u00dcR ALTENHEIME, PFLEGEHEIME..","description":"Ihr Spezialmakler f\u00fcr Altenheime, Pflegeheime und Rehabilitationseinrichtungen. Ver\u00e4u\u00dferung und Erwerb von Pflegeeinrichtungen, Bestandsimmobilien...","robots":{"index":"index","follow":"follow","max-snippet":"max-snippet:-1","max-image-preview":"max-image-preview:large","max-video-preview":"max-video-preview:-1"},"canonical":"https:\/\/spic-albert.com\/de\/","og_locale":"de_DE","og_type":"article","og_title":"SPIC & ALBERT SPEZIALMAKLER F\u00dcR ALTENHEIME, PFLEGEHEIME..","og_description":"Ihr Spezialmakler f\u00fcr Altenheime, Pflegeheime und Rehabilitationseinrichtungen. Ver\u00e4u\u00dferung und Erwerb von Pflegeeinrichtungen, Bestandsimmobilien...","og_url":"https:\/\/spic-albert.com\/de\/","og_site_name":"Spic &amp; Albert","article_modified_time":"2022-03-24T10:21:24+00:00","twitter_card":"summary_large_image","twitter_misc":{"Gesch\u00e4tzte Lesezeit":"5\u00a0Minuten"},"schema":{"@context":"https:\/\/schema.org","@graph":[{"@type":"WebPage","@id":"https:\/\/spic-albert.com\/de\/","url":"https:\/\/spic-albert.com\/de\/","name":"SPIC & ALBERT SPEZIALMAKLER F\u00dcR ALTENHEIME, PFLEGEHEIME..","isPartOf":{"@id":"https:\/\/spic-albert.com\/de\/#website"},"datePublished":"2015-04-28T11:30:47+00:00","dateModified":"2022-03-24T10:21:24+00:00","description":"Ihr Spezialmakler f\u00fcr Altenheime, Pflegeheime und Rehabilitationseinrichtungen. Ver\u00e4u\u00dferung und Erwerb von Pflegeeinrichtungen, Bestandsimmobilien...","breadcrumb":{"@id":"https:\/\/spic-albert.com\/de\/#breadcrumb"},"inLanguage":"de","potentialAction":[{"@type":"ReadAction","target":["https:\/\/spic-albert.com\/de\/"]}]},{"@type":"BreadcrumbList","@id":"https:\/\/spic-albert.com\/de\/#breadcrumb","itemListElement":[{"@type":"ListItem","position":1,"name":"Accueil","item":"https:\/\/spic-albert.com\/de\/"},{"@type":"ListItem","position":2,"name":"SPIC &amp; ALBERT"}]},{"@type":"WebSite","@id":"https:\/\/spic-albert.com\/de\/#website","url":"https:\/\/spic-albert.com\/de\/","name":"Spic &amp; Albert","description":"Spezialmakler f\u00fcr Altenheime, Pflegeheime und Rehabilitationseinrichtungen","potentialAction":[{"@type":"SearchAction","target":{"@type":"EntryPoint","urlTemplate":"https:\/\/spic-albert.com\/de\/?s={search_term_string}"},"query-input":"required name=search_term_string"}],"inLanguage":"de"}]}},"_links":{"self":[{"href":"https:\/\/spic-albert.com\/de\/wp-json\/wp\/v2\/pages\/2235"}],"collection":[{"href":"https:\/\/spic-albert.com\/de\/wp-json\/wp\/v2\/pages"}],"about":[{"href":"https:\/\/spic-albert.com\/de\/wp-json\/wp\/v2\/types\/page"}],"author":[{"embeddable":true,"href":"https:\/\/spic-albert.com\/de\/wp-json\/wp\/v2\/users\/1"}],"replies":[{"embeddable":true,"href":"https:\/\/spic-albert.com\/de\/wp-json\/wp\/v2\/comments?post=2235"}],"version-history":[{"count":43,"href":"https:\/\/spic-albert.com\/de\/wp-json\/wp\/v2\/pages\/2235\/revisions"}],"predecessor-version":[{"id":2527,"href":"https:\/\/spic-albert.com\/de\/wp-json\/wp\/v2\/pages\/2235\/revisions\/2527"}],"wp:attachment":[{"href":"https:\/\/spic-albert.com\/de\/wp-json\/wp\/v2\/media?parent=2235"}],"curies":[{"name":"wp","href":"https:\/\/api.w.org\/{rel}","templated":true}]}}