{"id":212,"date":"2014-07-17T18:46:52","date_gmt":"2014-07-17T17:46:52","guid":{"rendered":"http:\/\/www.spic-albert.com\/?page_id=212"},"modified":"2023-09-04T12:20:03","modified_gmt":"2023-09-04T10:20:03","slug":"impressum","status":"publish","type":"page","link":"https:\/\/spic-albert.com\/de\/impressum\/","title":{"rendered":"Impressum"},"content":{"rendered":"<div id='av_section_1'  class='avia-section main_color avia-section-default avia-no-border-styling  avia-bg-style-scroll  avia-builder-el-0  el_before_av_section  avia-builder-el-first   av-small-hide av-mini-hide av-minimum-height av-minimum-height-75  container_wrap fullsize' style='background-color: #f1f1f1; background-repeat: no-repeat; background-image: url(https:\/\/spic-albert.com\/de\/wp-content\/uploads\/sites\/2\/2021\/01\/spic-et-albert-background-logo-de-1.jpg);background-attachment: scroll; background-position: top center;  '  data-section-bg-repeat='no-repeat' data-av_minimum_height_pc='75'><div class='container' ><main  role=\"main\" itemprop=\"mainContentOfPage\"  class='template-page content  av-content-full alpha units'><div class='post-entry post-entry-type-page post-entry-212'><div class='entry-content-wrapper clearfix'>\n<\/div><\/div><\/main><!-- close content main element --><\/div><div class='av-extra-border-element border-extra-diagonal border-extra-diagonal-inverse '><div class='av-extra-border-outer'><div class='av-extra-border-inner'  style='background-color:#f1f1f1;' ><\/div><\/div><\/div><\/div><div id='av_section_2'  class='avia-section main_color avia-section-default avia-no-border-styling  avia-bg-style-scroll  avia-builder-el-1  el_after_av_section  avia-builder-el-last   container_wrap fullsize' style='background-color: #f1f1f1;  '  ><div class='container' ><div class='template-page content  av-content-full alpha units'><div class='post-entry post-entry-type-page post-entry-212'><div class='entry-content-wrapper clearfix'>\n<section class=\"av_textblock_section \"  itemscope=\"itemscope\" itemtype=\"https:\/\/schema.org\/CreativeWork\" ><div class='avia_textblock  '   itemprop=\"text\" ><div class=\"contenugeneral\">\n<section id=\"texte\">\n<h2><\/h2>\n<h2>impressum<\/h2>\n<p>S.P.I.C. &amp; Albert<br \/>\nWorringer Str. 30, 50668 K\u00f6ln<br \/>\nTelefon : 0178 311 13 32<br \/>\nmduclos@spic-albert.com<\/p>\n<h3>Identifikation<\/h3>\n<p>Gem\u00e4\u00df Artikel 6 des Gesetzes Nr. 2004-575 vom 21. Juni 2004 \u00fcber das Vertrauen in die digitale Wirtschaft werden die Nutzer der Website www.spic-albert.com \u00fcber die Identit\u00e4t der verschiedenen an der Umsetzung und \u00dcberwachung beteiligten Parteien informiert:<\/p>\n<ul>\n<li><strong>Eigent\u00fcmer:<\/strong> S.P.I.C et Albert, 25 rue de Caumartin, 75009 Paris.<br \/>\nS.A.S. mit einem Kapital von 54 250 \u20ac<br \/>\nR.C. Paris B 562 025 007 \u2013 Siret 562 025 007 00047<br \/>\nT\u00e9l. 01.42.33.62.67<\/li>\n<li><strong>Leiter der Publikation:<\/strong>\u00a0Jean-Etienne de Becdeli\u00e8vre<\/li>\n<li><strong>Design und Produktion:<\/strong>\u00a0Rosita Bianco, Grafikdesignerin f\u00fcr Web und Print \u2013\u00a0<a href=\"https:\/\/www.rosita-bianco-graphiste.fr\/\" target=\"_blank\" rel=\"noopener noreferrer\">www.rosita-bianco-graphiste.fr<\/a><\/li>\n<li><strong>Standortbetreiber:<\/strong>\u00a0OVH, 2 rue Kellermann, 59100 Roubaix, France \u2013\u00a0<a href=\"http:\/\/www.ovh.com\/\" target=\"_blank\" rel=\"noopener noreferrer\">www.ovh.com<\/a><\/li>\n<\/ul>\n<h2>Allgemeine Bedingungen f\u00fcr die Nutzung der Website<\/h2>\n<p>Die Nutzung der Website spic-albert.com setzt die vollst\u00e4ndige und vollst\u00e4ndige Annahme der nachstehend beschriebenen allgemeinen Nutzungsbedingungen voraus. Diese Nutzungsbedingungen k\u00f6nnen jederzeit ge\u00e4ndert oder erg\u00e4nzt werden, so dass die Nutzer der Website aufgefordert werden, sie regelm\u00e4\u00dfig zu konsultieren.<\/p>\n<p>Diese Website ist in der Regel f\u00fcr die Nutzer jederzeit zug\u00e4nglich. Eine Unterbrechung aus technischen Wartungsgr\u00fcnden kann jedoch von SPIC &amp; Albert beschlossen werden.<\/p>\n<p>Die Website spic-albert.com wird regelm\u00e4\u00dfig aktualisiert. Ebenso k\u00f6nnen die rechtlichen Hinweise jederzeit ge\u00e4ndert werden: Sie sind jedoch f\u00fcr den Nutzer verbindlich, der aufgefordert wird, so oft wie m\u00f6glich auf sie hinzuweisen, um sie zur Kenntnis zu nehmen.<\/p>\n<h3>1. <strong>Beschreibung der erbrachten Leistungen<\/strong><\/h3>\n<p>Der Zweck der Website spic-albert.com ist es, Sie \u00fcber unsere Aktivit\u00e4ten zu informieren.<\/p>\n<p>SPIC &amp; Albert ist bestrebt, auf der Website spic-albert.com so genaue Informationen wie m\u00f6glich bereitzustellen. SPIC &amp; Albert kann jedoch nicht f\u00fcr Auslassungen, Ungenauigkeiten und M\u00e4ngel in der Aktualisierung haftbar gemacht werden, sei es durch sich selbst oder durch Dritte, die diese Informationen zur Verf\u00fcgung stellen.<\/p>\n<p>Alle auf der Website angegebenen Informationen dienen nur zu Informationszwecken und k\u00f6nnen sich \u00e4ndern. Dar\u00fcber hinaus sind die Informationen auf der Website nicht vollst\u00e4ndig. Sie erhalten \u00c4nderungen, die seit ihrer Einstellung in das Internet vorgenommen wurden.<\/p>\n<h3>2. <strong>Vertragliche Beschr\u00e4nkungen der technischen Daten<\/strong><\/h3>\n<p>Die Website verwendet CMS-Technologie und das sichere https-Protokoll.<\/p>\n<p>Die Website kann nicht f\u00fcr Sachsch\u00e4den im Zusammenhang mit der Nutzung der Website haftbar gemacht werden. Dar\u00fcber hinaus verpflichtet sich der Nutzer der Website, auf die Website mit modernsten Ger\u00e4ten, frei von Viren und mit einem Browser der neuesten Generation zuzugreifen.<\/p>\n<h3>3. <strong>Geistiges Eigentum und F\u00e4lschungen<\/strong><\/h3>\n<p>SPIC &amp; Albert ist Eigent\u00fcmer der geistigen Eigentumsrechte oder h\u00e4lt die Nutzungsrechte an allen auf der Website zug\u00e4nglichen Elementen, insbesondere an Texten, Bildern, Grafiken, Logos, Icons, Sounds und Software.<\/p>\n<p>Jede Vervielf\u00e4ltigung, Darstellung, \u00c4nderung, Ver\u00f6ffentlichung, Anpassung aller oder eines Teils der Elemente der Website, unabh\u00e4ngig von den verwendeten Mitteln oder Verfahren, ist verboten, es sei denn, es liegt eine vorherige schriftliche Genehmigung von : SPIC &amp; Albert.<\/p>\n<p>Jede unbefugte Nutzung der Website oder eines der darin enthaltenen Elemente gilt als Verletzung und wird in \u00dcbereinstimmung mit den Bestimmungen der Artikel L. 335-2 ff. des Gesetzes \u00fcber das geistige Eigentum verfolgt.<\/p>\n<h3>4. <strong>Haftungsbeschr\u00e4nkungen<\/strong><\/h3>\n<p>SPIC &amp; Albert k\u00f6nnen nicht f\u00fcr direkte oder indirekte Sch\u00e4den haftbar gemacht werden, die beim Zugriff auf die Website spic-albert.com an den Ger\u00e4ten des Benutzers entstehen, die sich entweder aus der Verwendung von Ger\u00e4ten ergeben, die nicht den in Punkt 4 angegebenen Spezifikationen entsprechen, oder aus dem Auftreten eines Fehlers oder einer Inkompatibilit\u00e4t.<\/p>\n<p>SPIC &amp; Albert haften auch nicht f\u00fcr indirekte Sch\u00e4den (z.B. Verlust von Marktanteilen oder Chancen), die sich aus der Nutzung der Website spic-albert.com ergeben.<\/p>\n<p>Interaktive Bereiche (Kontaktformular) stehen den Nutzern zur Verf\u00fcgung. SPIC &amp; Albert beh\u00e4lt sich das Recht vor, ohne vorherige Ank\u00fcndigung alle in diesem Bereich hinterlegten Inhalte zu l\u00f6schen, die gegen die in Frankreich geltenden Rechtsvorschriften, insbesondere die Datenschutzbestimmungen, versto\u00dfen. SPIC &amp; Albert beh\u00e4lt sich gegebenenfalls auch das Recht vor, den Nutzer in zivil- und\/oder strafrechtlichen Verfahren, insbesondere im Falle einer rassistischen, missbr\u00e4uchlichen, diffamierenden oder pornografischen Nachricht, unabh\u00e4ngig vom verwendeten Medium (Text, Fotografie, etc.) zur Verantwortung zu ziehen.<\/p>\n<h3>5. <strong>Verwaltung personenbezogener Daten<\/strong><\/h3>\n<p>In Frankreich werden personenbezogene Daten durch das Gesetz Nr. 78-87 vom 6. Januar 1978, das Gesetz Nr. 2004-801 vom 6. August 2004, Artikel L. 226-13 des Strafgesetzbuches und die Europ\u00e4ische Richtlinie vom 24. Oktober 1995 sowie durch die Allgemeine Datenschutzverordnung (RGPD) auf europ\u00e4ischer Ebene, die seit dem 25. Mai 2018 in Kraft ist, gesch\u00fctzt.<\/p>\n<p><a href=\"https:\/\/spic-albert.com\/de\/datenschutzerklaerung\/\">Bitte schlagen Sie die Datenschutzerkl\u00e4rung nach.<\/a><\/p>\n<h3>6. <strong>Hypertext-Links und Cookies<\/strong><\/h3>\n<p>Diese Seite verwendet keine Cookies.<\/p>\n<\/section>\n<\/div>\n<\/div><\/section>\n\n","protected":false},"excerpt":{"rendered":"","protected":false},"author":1,"featured_media":0,"parent":0,"menu_order":0,"comment_status":"open","ping_status":"open","template":"","meta":{"footnotes":""},"yoast_head":"<!-- This site is optimized with the Yoast SEO plugin v21.1 - https:\/\/yoast.com\/wordpress\/plugins\/seo\/ -->\n<title>Impressum - Spic &amp; Albert<\/title>\n<meta name=\"robots\" content=\"index, follow, max-snippet:-1, max-image-preview:large, max-video-preview:-1\" \/>\n<link rel=\"canonical\" href=\"https:\/\/spic-albert.com\/de\/impressum\/\" \/>\n<meta property=\"og:locale\" content=\"de_DE\" \/>\n<meta property=\"og:type\" content=\"article\" \/>\n<meta property=\"og:title\" content=\"Impressum - Spic &amp; Albert\" \/>\n<meta property=\"og:url\" content=\"https:\/\/spic-albert.com\/de\/impressum\/\" \/>\n<meta property=\"og:site_name\" content=\"Spic &amp; Albert\" \/>\n<meta property=\"article:modified_time\" content=\"2023-09-04T10:20:03+00:00\" \/>\n<meta name=\"twitter:card\" content=\"summary_large_image\" \/>\n<meta name=\"twitter:label1\" content=\"Gesch\u00e4tzte Lesezeit\" \/>\n\t<meta name=\"twitter:data1\" content=\"5\u00a0Minuten\" \/>\n<script type=\"application\/ld+json\" class=\"yoast-schema-graph\">{\"@context\":\"https:\/\/schema.org\",\"@graph\":[{\"@type\":\"WebPage\",\"@id\":\"https:\/\/spic-albert.com\/de\/impressum\/\",\"url\":\"https:\/\/spic-albert.com\/de\/impressum\/\",\"name\":\"Impressum - Spic &amp; Albert\",\"isPartOf\":{\"@id\":\"https:\/\/spic-albert.com\/de\/#website\"},\"datePublished\":\"2014-07-17T17:46:52+00:00\",\"dateModified\":\"2023-09-04T10:20:03+00:00\",\"breadcrumb\":{\"@id\":\"https:\/\/spic-albert.com\/de\/impressum\/#breadcrumb\"},\"inLanguage\":\"de\",\"potentialAction\":[{\"@type\":\"ReadAction\",\"target\":[\"https:\/\/spic-albert.com\/de\/impressum\/\"]}]},{\"@type\":\"BreadcrumbList\",\"@id\":\"https:\/\/spic-albert.com\/de\/impressum\/#breadcrumb\",\"itemListElement\":[{\"@type\":\"ListItem\",\"position\":1,\"name\":\"Accueil\",\"item\":\"https:\/\/spic-albert.com\/de\/\"},{\"@type\":\"ListItem\",\"position\":2,\"name\":\"Impressum\"}]},{\"@type\":\"WebSite\",\"@id\":\"https:\/\/spic-albert.com\/de\/#website\",\"url\":\"https:\/\/spic-albert.com\/de\/\",\"name\":\"Spic &amp; Albert\",\"description\":\"Spezialmakler f\u00fcr Altenheime, Pflegeheime und Rehabilitationseinrichtungen\",\"potentialAction\":[{\"@type\":\"SearchAction\",\"target\":{\"@type\":\"EntryPoint\",\"urlTemplate\":\"https:\/\/spic-albert.com\/de\/?s={search_term_string}\"},\"query-input\":\"required name=search_term_string\"}],\"inLanguage\":\"de\"}]}<\/script>\n<!-- \/ Yoast SEO plugin. -->","yoast_head_json":{"title":"Impressum - Spic &amp; Albert","robots":{"index":"index","follow":"follow","max-snippet":"max-snippet:-1","max-image-preview":"max-image-preview:large","max-video-preview":"max-video-preview:-1"},"canonical":"https:\/\/spic-albert.com\/de\/impressum\/","og_locale":"de_DE","og_type":"article","og_title":"Impressum - Spic &amp; Albert","og_url":"https:\/\/spic-albert.com\/de\/impressum\/","og_site_name":"Spic &amp; Albert","article_modified_time":"2023-09-04T10:20:03+00:00","twitter_card":"summary_large_image","twitter_misc":{"Gesch\u00e4tzte Lesezeit":"5\u00a0Minuten"},"schema":{"@context":"https:\/\/schema.org","@graph":[{"@type":"WebPage","@id":"https:\/\/spic-albert.com\/de\/impressum\/","url":"https:\/\/spic-albert.com\/de\/impressum\/","name":"Impressum - Spic &amp; Albert","isPartOf":{"@id":"https:\/\/spic-albert.com\/de\/#website"},"datePublished":"2014-07-17T17:46:52+00:00","dateModified":"2023-09-04T10:20:03+00:00","breadcrumb":{"@id":"https:\/\/spic-albert.com\/de\/impressum\/#breadcrumb"},"inLanguage":"de","potentialAction":[{"@type":"ReadAction","target":["https:\/\/spic-albert.com\/de\/impressum\/"]}]},{"@type":"BreadcrumbList","@id":"https:\/\/spic-albert.com\/de\/impressum\/#breadcrumb","itemListElement":[{"@type":"ListItem","position":1,"name":"Accueil","item":"https:\/\/spic-albert.com\/de\/"},{"@type":"ListItem","position":2,"name":"Impressum"}]},{"@type":"WebSite","@id":"https:\/\/spic-albert.com\/de\/#website","url":"https:\/\/spic-albert.com\/de\/","name":"Spic &amp; Albert","description":"Spezialmakler f\u00fcr Altenheime, Pflegeheime und Rehabilitationseinrichtungen","potentialAction":[{"@type":"SearchAction","target":{"@type":"EntryPoint","urlTemplate":"https:\/\/spic-albert.com\/de\/?s={search_term_string}"},"query-input":"required name=search_term_string"}],"inLanguage":"de"}]}},"_links":{"self":[{"href":"https:\/\/spic-albert.com\/de\/wp-json\/wp\/v2\/pages\/212"}],"collection":[{"href":"https:\/\/spic-albert.com\/de\/wp-json\/wp\/v2\/pages"}],"about":[{"href":"https:\/\/spic-albert.com\/de\/wp-json\/wp\/v2\/types\/page"}],"author":[{"embeddable":true,"href":"https:\/\/spic-albert.com\/de\/wp-json\/wp\/v2\/users\/1"}],"replies":[{"embeddable":true,"href":"https:\/\/spic-albert.com\/de\/wp-json\/wp\/v2\/comments?post=212"}],"version-history":[{"count":20,"href":"https:\/\/spic-albert.com\/de\/wp-json\/wp\/v2\/pages\/212\/revisions"}],"predecessor-version":[{"id":2531,"href":"https:\/\/spic-albert.com\/de\/wp-json\/wp\/v2\/pages\/212\/revisions\/2531"}],"wp:attachment":[{"href":"https:\/\/spic-albert.com\/de\/wp-json\/wp\/v2\/media?parent=212"}],"curies":[{"name":"wp","href":"https:\/\/api.w.org\/{rel}","templated":true}]}}